{"id":1973,"date":"2023-01-03T19:47:46","date_gmt":"2023-01-03T17:47:46","guid":{"rendered":"https:\/\/www.citric.ws\/projects\/txell\/aviso-legal\/"},"modified":"2026-01-23T14:28:15","modified_gmt":"2026-01-23T12:28:15","slug":"aviso-legal","status":"publish","type":"page","link":"https:\/\/www.herbessalvatges.com\/es\/aviso-legal\/","title":{"rendered":"Aviso legal"},"content":{"rendered":"\t\t<div data-elementor-type=\"wp-page\" data-elementor-id=\"1973\" class=\"elementor elementor-1973 elementor-1704\">\n\t\t\t\t\t\t<section class=\"elementor-section elementor-top-section elementor-element elementor-element-d2d0af4 elementor-section-boxed elementor-section-height-default elementor-section-height-default parallax_section_no qode_elementor_container_no\" data-id=\"d2d0af4\" data-element_type=\"section\">\n\t\t\t\t\t\t<div class=\"elementor-container elementor-column-gap-default\">\n\t\t\t\t\t<div class=\"elementor-column elementor-col-100 elementor-top-column elementor-element elementor-element-1e3ebb5\" data-id=\"1e3ebb5\" data-element_type=\"column\">\n\t\t\t<div class=\"elementor-widget-wrap elementor-element-populated\">\n\t\t\t\t\t\t<div class=\"elementor-element elementor-element-9b3889b elementor-widget elementor-widget-text-editor\" data-id=\"9b3889b\" data-element_type=\"widget\" data-widget_type=\"text-editor.default\">\n\t\t\t\t<div class=\"elementor-widget-container\">\n\t\t\t\t\t\t\t\t\t<p>En cumplimiento del art\u00edculo 10 de la Ley 34\/2002, de 11 de julio, de Servicios de la Sociedad de la Informaci\u00f3n y Comercio Electr\u00f3nico (LSSI-CE) a continuaci\u00f3n se detallan los datos identificativos de la empresa:<\/p>\t\t\t\t\t\t\t\t<\/div>\n\t\t\t\t<\/div>\n\t\t\t\t<div class=\"elementor-element elementor-element-bfaddcc elementor-widget elementor-widget-text-editor\" data-id=\"bfaddcc\" data-element_type=\"widget\" data-widget_type=\"text-editor.default\">\n\t\t\t\t<div class=\"elementor-widget-container\">\n\t\t\t\t\t\t\t\t\t<p>NOMBRE<br>Nom: Meritxell Vi\u00f1als Perich<br>DNI: 52161198G<br>Direcci\u00f3n: Mare de D\u00e9u de N\u00faria, 1, 08401 GRANOLLERS, Barcelona.<br>Tel\u00e9fono: 938 79 38 99<br>Email: hola@saludconscient.com<\/p>\t\t\t\t\t\t\t\t<\/div>\n\t\t\t\t<\/div>\n\t\t\t\t<div class=\"elementor-element elementor-element-e4f174d elementor-widget elementor-widget-text-editor\" data-id=\"e4f174d\" data-element_type=\"widget\" data-widget_type=\"text-editor.default\">\n\t\t\t\t<div class=\"elementor-widget-container\">\n\t\t\t\t\t\t\t\t\t<p><strong>FINALIDAD DE LA P\u00c1GINA WEB<\/strong><\/p>\t\t\t\t\t\t\t\t<\/div>\n\t\t\t\t<\/div>\n\t\t\t\t<div class=\"elementor-element elementor-element-a903bdd elementor-widget elementor-widget-text-editor\" data-id=\"a903bdd\" data-element_type=\"widget\" data-widget_type=\"text-editor.default\">\n\t\t\t\t<div class=\"elementor-widget-container\">\n\t\t\t\t\t\t\t\t\t<p>La finalidad de esta web es atender a sus consultas y peticiones.<\/p>\t\t\t\t\t\t\t\t<\/div>\n\t\t\t\t<\/div>\n\t\t\t\t<div class=\"elementor-element elementor-element-86e4e35 elementor-widget elementor-widget-text-editor\" data-id=\"86e4e35\" data-element_type=\"widget\" data-widget_type=\"text-editor.default\">\n\t\t\t\t<div class=\"elementor-widget-container\">\n\t\t\t\t\t\t\t\t\t<p>El presente aviso legal (en adelante, \u00abAviso Legal\u00bb) regula el uso del sitio web: www.herbessalvatges.com.<\/p>\t\t\t\t\t\t\t\t<\/div>\n\t\t\t\t<\/div>\n\t\t\t\t<div class=\"elementor-element elementor-element-6a53ecd elementor-widget elementor-widget-text-editor\" data-id=\"6a53ecd\" data-element_type=\"widget\" data-widget_type=\"text-editor.default\">\n\t\t\t\t<div class=\"elementor-widget-container\">\n\t\t\t\t\t\t\t\t\t<p><strong>LEGISLACI\u00d3N<\/strong><\/p>\t\t\t\t\t\t\t\t<\/div>\n\t\t\t\t<\/div>\n\t\t\t\t<div class=\"elementor-element elementor-element-f82f4bc elementor-widget elementor-widget-text-editor\" data-id=\"f82f4bc\" data-element_type=\"widget\" data-widget_type=\"text-editor.default\">\n\t\t\t\t<div class=\"elementor-widget-container\">\n\t\t\t\t\t\t\t\t\t<p>Con car\u00e1cter general, las relaciones entre Meritxell Vi\u00f1als Perich con los usuarios de sus servicios telem\u00e1ticos, presentes en este sitio web, se encuentran sometidas a la legislaci\u00f3n y jurisdicci\u00f3n espa\u00f1olas.<\/p>\t\t\t\t\t\t\t\t<\/div>\n\t\t\t\t<\/div>\n\t\t\t\t<div class=\"elementor-element elementor-element-633a36c elementor-widget elementor-widget-text-editor\" data-id=\"633a36c\" data-element_type=\"widget\" data-widget_type=\"text-editor.default\">\n\t\t\t\t<div class=\"elementor-widget-container\">\n\t\t\t\t\t\t\t\t\t<p><strong>USO Y ACCESO DE USUARIOS<\/strong><\/p>\t\t\t\t\t\t\t\t<\/div>\n\t\t\t\t<\/div>\n\t\t\t\t<div class=\"elementor-element elementor-element-75f0dfa elementor-widget elementor-widget-text-editor\" data-id=\"75f0dfa\" data-element_type=\"widget\" data-widget_type=\"text-editor.default\">\n\t\t\t\t<div class=\"elementor-widget-container\">\n\t\t\t\t\t\t\t\t\t<p>El Usuario queda informado, y acepta, que el acceso a la presente web no supone, en modo alguno, el inicio de una relaci\u00f3n comercial con Meritxell Vi\u00f1als Perich o cualquiera de sus delegaciones.<\/p>\t\t\t\t\t\t\t\t<\/div>\n\t\t\t\t<\/div>\n\t\t\t\t<div class=\"elementor-element elementor-element-4f90d50 elementor-widget elementor-widget-text-editor\" data-id=\"4f90d50\" data-element_type=\"widget\" data-widget_type=\"text-editor.default\">\n\t\t\t\t<div class=\"elementor-widget-container\">\n\t\t\t\t\t\t\t\t\t<p><strong>PROPIEDAD INTELECTUAL E INDUSTRIAL<\/strong><\/p>\t\t\t\t\t\t\t\t<\/div>\n\t\t\t\t<\/div>\n\t\t\t\t<div class=\"elementor-element elementor-element-77089ac elementor-widget elementor-widget-text-editor\" data-id=\"77089ac\" data-element_type=\"widget\" data-widget_type=\"text-editor.default\">\n\t\t\t\t<div class=\"elementor-widget-container\">\n\t\t\t\t\t\t\t\t\t<p>Los derechos de propiedad intelectual del contenido de las p\u00e1ginas web, su dise\u00f1o gr\u00e1fico y c\u00f3digos son titularidad de Meritxell Vi\u00f1als Perich y, por tanto, queda prohibida su reproducci\u00f3n, distribuci\u00f3n, comunicaci\u00f3n p\u00fablica, transformaci\u00f3n o cualquier otra actividad que se pueda realizar con los contenidos de sus p\u00e1ginas web ni incluso citando las fuentes, salvo consentimiento por escrito de Meritxell Vi\u00f1als Perich.<\/p>\t\t\t\t\t\t\t\t<\/div>\n\t\t\t\t<\/div>\n\t\t\t\t<div class=\"elementor-element elementor-element-4e34057 elementor-widget elementor-widget-text-editor\" data-id=\"4e34057\" data-element_type=\"widget\" data-widget_type=\"text-editor.default\">\n\t\t\t\t<div class=\"elementor-widget-container\">\n\t\t\t\t\t\t\t\t\t<p><strong>CONTENIDO DE LA WEB Y ENLACES (LINKS)<\/strong><\/p>\t\t\t\t\t\t\t\t<\/div>\n\t\t\t\t<\/div>\n\t\t\t\t<div class=\"elementor-element elementor-element-205c361 elementor-widget elementor-widget-text-editor\" data-id=\"205c361\" data-element_type=\"widget\" data-widget_type=\"text-editor.default\">\n\t\t\t\t<div class=\"elementor-widget-container\">\n\t\t\t\t\t\t\t\t\t<p>Meritxell Vi\u00f1als Perich se reserva el derecho a actualizar, modificar o eliminar la informaci\u00f3n contenida en sus p\u00e1ginas web pudiendo incluso limitar o no permitir el acceso a dicha informaci\u00f3n a ciertos usuarios. Documentaci\u00f3n LSSI-CE Meritxell Vi\u00f1als Perich.<\/p>\t\t\t\t\t\t\t\t<\/div>\n\t\t\t\t<\/div>\n\t\t\t\t<div class=\"elementor-element elementor-element-5015f61 elementor-widget elementor-widget-text-editor\" data-id=\"5015f61\" data-element_type=\"widget\" data-widget_type=\"text-editor.default\">\n\t\t\t\t<div class=\"elementor-widget-container\">\n\t\t\t\t\t\t\t\t\t<p>Meritxell Vi\u00f1als Perich no asume responsabilidad alguna por la informaci\u00f3n contenida en p\u00e1ginas web de terceros a las que se pueda acceder por \u00ablinks\u00bb o enlaces desde cualquier p\u00e1gina web propiedad de Meritxell Vi\u00f1als Perich. La presencia de \u00ablinks\u00bb o enlaces a las p\u00e1ginas web de Meritxell Vi\u00f1als Perich tiene finalidad meramente informativa y en ning\u00fan caso supone sugerencia, invitaci\u00f3n o recomendaci\u00f3n sobre los mismos.<\/p>\t\t\t\t\t\t\t\t<\/div>\n\t\t\t\t<\/div>\n\t\t\t\t<div class=\"elementor-element elementor-element-f99bcda elementor-widget elementor-widget-text-editor\" data-id=\"f99bcda\" data-element_type=\"widget\" data-widget_type=\"text-editor.default\">\n\t\t\t\t<div class=\"elementor-widget-container\">\n\t\t\t\t\t\t\t\t\t<p><strong>ACCESIBILIDAD<\/strong><\/p>\t\t\t\t\t\t\t\t<\/div>\n\t\t\t\t<\/div>\n\t\t\t\t<div class=\"elementor-element elementor-element-894f3e5 elementor-widget elementor-widget-text-editor\" data-id=\"894f3e5\" data-element_type=\"widget\" data-widget_type=\"text-editor.default\">\n\t\t\t\t<div class=\"elementor-widget-container\">\n\t\t\t\t\t\t\t\t\t<p>Nos hemos comprometido a hacer accesible nuestro sitio web cumpliendo el nivel AA de las Pautas WCAG-2.1.<br>Esta declaraci\u00f3n de accesibilidad se aplica a este sitio web.<\/p>\t\t\t\t\t\t\t\t<\/div>\n\t\t\t\t<\/div>\n\t\t\t\t<div class=\"elementor-element elementor-element-6a8fea7 elementor-widget elementor-widget-text-editor\" data-id=\"6a8fea7\" data-element_type=\"widget\" data-widget_type=\"text-editor.default\">\n\t\t\t\t<div class=\"elementor-widget-container\">\n\t\t\t\t\t\t\t\t\t<p><strong>Contenido no accesible<\/strong><\/p>\t\t\t\t\t\t\t\t<\/div>\n\t\t\t\t<\/div>\n\t\t\t\t<div class=\"elementor-element elementor-element-da2a1ff elementor-widget elementor-widget-text-editor\" data-id=\"da2a1ff\" data-element_type=\"widget\" data-widget_type=\"text-editor.default\">\n\t\t\t\t<div class=\"elementor-widget-container\">\n\t\t\t\t\t\t\t\t\t<p>Podr\u00edan existir documentos ofim\u00e1ticos en PDF y otros formatos publicados con posterioridad al 20 de septiembre de 2018 que no cumplan totalmente los requisitos de accesibilidad.<br>Podr\u00edan existir errores de c\u00f3digo puntuales de edici\u00f3n en alguna p\u00e1gina web.<\/p>\t\t\t\t\t\t\t\t<\/div>\n\t\t\t\t<\/div>\n\t\t\t\t<div class=\"elementor-element elementor-element-7679d72 elementor-widget elementor-widget-text-editor\" data-id=\"7679d72\" data-element_type=\"widget\" data-widget_type=\"text-editor.default\">\n\t\t\t\t<div class=\"elementor-widget-container\">\n\t\t\t\t\t\t\t\t\t<p><strong>Preparaci\u00f3n para la siguiente declaraci\u00f3n de accesibilidad<\/strong><\/p>\t\t\t\t\t\t\t\t<\/div>\n\t\t\t\t<\/div>\n\t\t\t\t<div class=\"elementor-element elementor-element-b5910a3 elementor-widget elementor-widget-text-editor\" data-id=\"b5910a3\" data-element_type=\"widget\" data-widget_type=\"text-editor.default\">\n\t\t\t\t<div class=\"elementor-widget-container\">\n\t\t\t\t\t\t\t\t\t<p>La presente declaraci\u00f3n fue preparada con un m\u00e9todo de autoevaluaci\u00f3n el 01 de febrero de 2023.<\/p>\t\t\t\t\t\t\t\t<\/div>\n\t\t\t\t<\/div>\n\t\t\t\t<div class=\"elementor-element elementor-element-96f801a elementor-widget elementor-widget-text-editor\" data-id=\"96f801a\" data-element_type=\"widget\" data-widget_type=\"text-editor.default\">\n\t\t\t\t<div class=\"elementor-widget-container\">\n\t\t\t\t\t\t\t\t\t<p><strong>Observaciones y datos de contacto<\/strong><\/p>\t\t\t\t\t\t\t\t<\/div>\n\t\t\t\t<\/div>\n\t\t\t\t<div class=\"elementor-element elementor-element-57a82d3 elementor-widget elementor-widget-text-editor\" data-id=\"57a82d3\" data-element_type=\"widget\" data-widget_type=\"text-editor.default\">\n\t\t\t\t<div class=\"elementor-widget-container\">\n\t\t\t\t\t\t\t\t\t<p>Puede realizar comunicaciones sobre requisitos de accesibilidad a trav\u00e9s del formulario de contacto de este sitio web o a trav\u00e9s del mail de contacto<\/p>\t\t\t\t\t\t\t\t<\/div>\n\t\t\t\t<\/div>\n\t\t\t\t<div class=\"elementor-element elementor-element-5f826a1 elementor-widget elementor-widget-text-editor\" data-id=\"5f826a1\" data-element_type=\"widget\" data-widget_type=\"text-editor.default\">\n\t\t\t\t<div class=\"elementor-widget-container\">\n\t\t\t\t\t\t\t\t\t<p>En la Solicitud de informaci\u00f3n accesible, deben concretarse, con toda claridad, los hechos, las razones y la petici\u00f3n que permitan constatar que se trata de una solicitud razonable y leg\u00edtima.<br>Las aplicaciones de las reclamaciones sobre accesibilidad se tendr\u00e1n en cuenta y posiblemente quedar\u00e1n aplicadas en pr\u00f3ximas actualizaciones.<\/p>\t\t\t\t\t\t\t\t<\/div>\n\t\t\t\t<\/div>\n\t\t\t\t\t<\/div>\n\t\t<\/div>\n\t\t\t\t\t<\/div>\n\t\t<\/section>\n\t\t\t\t<\/div>\n\t\t","protected":false},"excerpt":{"rendered":"<p>En cumplimiento del art\u00edculo 10 de la Ley 34\/2002, de 11 de julio, de Servicios de la Sociedad de la Informaci\u00f3n y Comercio Electr\u00f3nico (LSSI-CE)&#8230;<\/p>\n","protected":false},"author":1,"featured_media":0,"parent":0,"menu_order":0,"comment_status":"closed","ping_status":"closed","template":"","meta":{"_monsterinsights_skip_tracking":false,"_monsterinsights_sitenote_active":false,"_monsterinsights_sitenote_note":"","_monsterinsights_sitenote_category":0,"_joinchat":[],"footnotes":""},"class_list":["post-1973","page","type-page","status-publish","hentry"],"yoast_head":"<!-- This site is optimized with the Yoast SEO plugin v26.5 - https:\/\/yoast.com\/wordpress\/plugins\/seo\/ -->\n<title>Aviso legal - Herbes Salvatges<\/title>\n<meta name=\"robots\" content=\"noindex, follow\" \/>\n<meta property=\"og:locale\" content=\"es_ES\" \/>\n<meta property=\"og:type\" content=\"article\" \/>\n<meta property=\"og:title\" content=\"Aviso legal - Herbes Salvatges\" \/>\n<meta property=\"og:description\" content=\"En cumplimiento del art\u00edculo 10 de la Ley 34\/2002, de 11 de julio, de Servicios de la Sociedad de la Informaci\u00f3n y Comercio Electr\u00f3nico (LSSI-CE)...\" \/>\n<meta property=\"og:url\" content=\"https:\/\/www.herbessalvatges.com\/es\/aviso-legal\/\" \/>\n<meta property=\"og:site_name\" content=\"Herbes Salvatges\" \/>\n<meta property=\"article:modified_time\" content=\"2026-01-23T12:28:15+00:00\" \/>\n<meta name=\"twitter:card\" content=\"summary_large_image\" \/>\n<meta name=\"twitter:label1\" content=\"Tiempo de lectura\" \/>\n\t<meta name=\"twitter:data1\" content=\"3 minutos\" \/>\n<script type=\"application\/ld+json\" class=\"yoast-schema-graph\">{\"@context\":\"https:\/\/schema.org\",\"@graph\":[{\"@type\":\"WebPage\",\"@id\":\"https:\/\/www.herbessalvatges.com\/es\/aviso-legal\/\",\"url\":\"https:\/\/www.herbessalvatges.com\/es\/aviso-legal\/\",\"name\":\"Aviso legal - Herbes Salvatges\",\"isPartOf\":{\"@id\":\"https:\/\/www.herbessalvatges.com\/es\/#website\"},\"datePublished\":\"2023-01-03T17:47:46+00:00\",\"dateModified\":\"2026-01-23T12:28:15+00:00\",\"breadcrumb\":{\"@id\":\"https:\/\/www.herbessalvatges.com\/es\/aviso-legal\/#breadcrumb\"},\"inLanguage\":\"es\",\"potentialAction\":[{\"@type\":\"ReadAction\",\"target\":[\"https:\/\/www.herbessalvatges.com\/es\/aviso-legal\/\"]}]},{\"@type\":\"BreadcrumbList\",\"@id\":\"https:\/\/www.herbessalvatges.com\/es\/aviso-legal\/#breadcrumb\",\"itemListElement\":[{\"@type\":\"ListItem\",\"position\":1,\"name\":\"Home\",\"item\":\"https:\/\/www.herbessalvatges.com\/es\/espacio-terapeutico-para-mejorar-tu-bienestar\/\"},{\"@type\":\"ListItem\",\"position\":2,\"name\":\"Aviso legal\"}]},{\"@type\":\"WebSite\",\"@id\":\"https:\/\/www.herbessalvatges.com\/es\/#website\",\"url\":\"https:\/\/www.herbessalvatges.com\/es\/\",\"name\":\"Salut Conscient\",\"description\":\"Espai terap\u00e8utic per millorar el teu benestar amb Naturopatia, alimentaci\u00f3 conscient i suplementaci\u00f3 natural.\",\"publisher\":{\"@id\":\"https:\/\/www.herbessalvatges.com\/es\/#organization\"},\"potentialAction\":[{\"@type\":\"SearchAction\",\"target\":{\"@type\":\"EntryPoint\",\"urlTemplate\":\"https:\/\/www.herbessalvatges.com\/es\/?s={search_term_string}\"},\"query-input\":{\"@type\":\"PropertyValueSpecification\",\"valueRequired\":true,\"valueName\":\"search_term_string\"}}],\"inLanguage\":\"es\"},{\"@type\":\"Organization\",\"@id\":\"https:\/\/www.herbessalvatges.com\/es\/#organization\",\"name\":\"Salut Conscient\",\"url\":\"https:\/\/www.herbessalvatges.com\/es\/\",\"logo\":{\"@type\":\"ImageObject\",\"inLanguage\":\"es\",\"@id\":\"https:\/\/www.herbessalvatges.com\/es\/#\/schema\/logo\/image\/\",\"url\":\"https:\/\/www.herbessalvatges.com\/wp-content\/uploads\/2022\/10\/logo-txell.png\",\"contentUrl\":\"https:\/\/www.herbessalvatges.com\/wp-content\/uploads\/2022\/10\/logo-txell.png\",\"width\":866,\"height\":102,\"caption\":\"Salut Conscient\"},\"image\":{\"@id\":\"https:\/\/www.herbessalvatges.com\/es\/#\/schema\/logo\/image\/\"}}]}<\/script>\n<!-- \/ Yoast SEO plugin. -->","yoast_head_json":{"title":"Aviso legal - Herbes Salvatges","robots":{"index":"noindex","follow":"follow"},"og_locale":"es_ES","og_type":"article","og_title":"Aviso legal - Herbes Salvatges","og_description":"En cumplimiento del art\u00edculo 10 de la Ley 34\/2002, de 11 de julio, de Servicios de la Sociedad de la Informaci\u00f3n y Comercio Electr\u00f3nico (LSSI-CE)...","og_url":"https:\/\/www.herbessalvatges.com\/es\/aviso-legal\/","og_site_name":"Herbes Salvatges","article_modified_time":"2026-01-23T12:28:15+00:00","twitter_card":"summary_large_image","twitter_misc":{"Tiempo de lectura":"3 minutos"},"schema":{"@context":"https:\/\/schema.org","@graph":[{"@type":"WebPage","@id":"https:\/\/www.herbessalvatges.com\/es\/aviso-legal\/","url":"https:\/\/www.herbessalvatges.com\/es\/aviso-legal\/","name":"Aviso legal - Herbes Salvatges","isPartOf":{"@id":"https:\/\/www.herbessalvatges.com\/es\/#website"},"datePublished":"2023-01-03T17:47:46+00:00","dateModified":"2026-01-23T12:28:15+00:00","breadcrumb":{"@id":"https:\/\/www.herbessalvatges.com\/es\/aviso-legal\/#breadcrumb"},"inLanguage":"es","potentialAction":[{"@type":"ReadAction","target":["https:\/\/www.herbessalvatges.com\/es\/aviso-legal\/"]}]},{"@type":"BreadcrumbList","@id":"https:\/\/www.herbessalvatges.com\/es\/aviso-legal\/#breadcrumb","itemListElement":[{"@type":"ListItem","position":1,"name":"Home","item":"https:\/\/www.herbessalvatges.com\/es\/espacio-terapeutico-para-mejorar-tu-bienestar\/"},{"@type":"ListItem","position":2,"name":"Aviso legal"}]},{"@type":"WebSite","@id":"https:\/\/www.herbessalvatges.com\/es\/#website","url":"https:\/\/www.herbessalvatges.com\/es\/","name":"Salut Conscient","description":"Espai terap\u00e8utic per millorar el teu benestar amb Naturopatia, alimentaci\u00f3 conscient i suplementaci\u00f3 natural.","publisher":{"@id":"https:\/\/www.herbessalvatges.com\/es\/#organization"},"potentialAction":[{"@type":"SearchAction","target":{"@type":"EntryPoint","urlTemplate":"https:\/\/www.herbessalvatges.com\/es\/?s={search_term_string}"},"query-input":{"@type":"PropertyValueSpecification","valueRequired":true,"valueName":"search_term_string"}}],"inLanguage":"es"},{"@type":"Organization","@id":"https:\/\/www.herbessalvatges.com\/es\/#organization","name":"Salut Conscient","url":"https:\/\/www.herbessalvatges.com\/es\/","logo":{"@type":"ImageObject","inLanguage":"es","@id":"https:\/\/www.herbessalvatges.com\/es\/#\/schema\/logo\/image\/","url":"https:\/\/www.herbessalvatges.com\/wp-content\/uploads\/2022\/10\/logo-txell.png","contentUrl":"https:\/\/www.herbessalvatges.com\/wp-content\/uploads\/2022\/10\/logo-txell.png","width":866,"height":102,"caption":"Salut Conscient"},"image":{"@id":"https:\/\/www.herbessalvatges.com\/es\/#\/schema\/logo\/image\/"}}]}},"_links":{"self":[{"href":"https:\/\/www.herbessalvatges.com\/es\/wp-json\/wp\/v2\/pages\/1973","targetHints":{"allow":["GET"]}}],"collection":[{"href":"https:\/\/www.herbessalvatges.com\/es\/wp-json\/wp\/v2\/pages"}],"about":[{"href":"https:\/\/www.herbessalvatges.com\/es\/wp-json\/wp\/v2\/types\/page"}],"author":[{"embeddable":true,"href":"https:\/\/www.herbessalvatges.com\/es\/wp-json\/wp\/v2\/users\/1"}],"replies":[{"embeddable":true,"href":"https:\/\/www.herbessalvatges.com\/es\/wp-json\/wp\/v2\/comments?post=1973"}],"version-history":[{"count":4,"href":"https:\/\/www.herbessalvatges.com\/es\/wp-json\/wp\/v2\/pages\/1973\/revisions"}],"predecessor-version":[{"id":3411,"href":"https:\/\/www.herbessalvatges.com\/es\/wp-json\/wp\/v2\/pages\/1973\/revisions\/3411"}],"wp:attachment":[{"href":"https:\/\/www.herbessalvatges.com\/es\/wp-json\/wp\/v2\/media?parent=1973"}],"curies":[{"name":"wp","href":"https:\/\/api.w.org\/{rel}","templated":true}]}}