{"id":2825,"date":"2023-10-25T11:41:05","date_gmt":"2023-10-25T09:41:05","guid":{"rendered":"https:\/\/www.herbessalvatges.com\/?page_id=2825"},"modified":"2024-03-12T12:15:51","modified_gmt":"2024-03-12T10:15:51","slug":"sofocos-nocturnos-menopausia","status":"publish","type":"page","link":"https:\/\/www.herbessalvatges.com\/es\/menopausia-tratamiento-y-sintomas\/sofocos-nocturnos-menopausia\/","title":{"rendered":"Sofocos nocturnos Menopausia"},"content":{"rendered":"\t\t<div data-elementor-type=\"wp-page\" data-elementor-id=\"2825\" class=\"elementor elementor-2825 elementor-2824\">\n\t\t\t\t\t\t<section class=\"elementor-section elementor-top-section elementor-element elementor-element-e62390f elementor-section-boxed elementor-section-height-default elementor-section-height-default parallax_section_no qode_elementor_container_no\" data-id=\"e62390f\" data-element_type=\"section\">\n\t\t\t\t\t\t<div class=\"elementor-container elementor-column-gap-default\">\n\t\t\t\t\t<div class=\"elementor-column elementor-col-100 elementor-top-column elementor-element elementor-element-fa7fe10\" data-id=\"fa7fe10\" data-element_type=\"column\">\n\t\t\t<div class=\"elementor-widget-wrap elementor-element-populated\">\n\t\t\t\t\t\t<div class=\"elementor-element elementor-element-09158aa elementor-widget elementor-widget-heading\" data-id=\"09158aa\" data-element_type=\"widget\" data-widget_type=\"heading.default\">\n\t\t\t\t<div class=\"elementor-widget-container\">\n\t\t\t\t\t<h1 class=\"elementor-heading-title elementor-size-default\">Sofocos nocturnos en la Menopausia<\/h1>\t\t\t\t<\/div>\n\t\t\t\t<\/div>\n\t\t\t\t<div class=\"elementor-element elementor-element-a552a45 elementor-widget elementor-widget-text-editor\" data-id=\"a552a45\" data-element_type=\"widget\" data-widget_type=\"text-editor.default\">\n\t\t\t\t<div class=\"elementor-widget-container\">\n\t\t\t\t\t\t\t\t\t<p><strong>Los sofocos nocturnos durante la menopausia<\/strong> son aquellas oleadas de calor repentinas que pueden afectar la parte superior del cuerpo, la cara y el cuello. Pueden ir acompa\u00f1adas de enrojecimiento de la piel. Es un s\u00edntoma evidente de la bajada de estr\u00f3genos.  <\/p>\n<p><strong>Y la sudoraci\u00f3n nocturna durante la menopausia<\/strong> son aquellas calores que pueden experimentar sudoraci\u00f3n excesiva durante la noche, lo que puede interferir con el sue\u00f1o.<\/p>\n\t\t\t\t\t\t\t\t<\/div>\n\t\t\t\t<\/div>\n\t\t\t\t\t<\/div>\n\t\t<\/div>\n\t\t\t\t\t<\/div>\n\t\t<\/section>\n\t\t\t\t<section class=\"elementor-section elementor-top-section elementor-element elementor-element-f5325ec elementor-section-boxed elementor-section-height-default elementor-section-height-default parallax_section_no qode_elementor_container_no\" data-id=\"f5325ec\" data-element_type=\"section\">\n\t\t\t\t\t\t<div class=\"elementor-container elementor-column-gap-default\">\n\t\t\t\t\t<div class=\"elementor-column elementor-col-100 elementor-top-column elementor-element elementor-element-9e6772f\" data-id=\"9e6772f\" data-element_type=\"column\">\n\t\t\t<div class=\"elementor-widget-wrap elementor-element-populated\">\n\t\t\t\t\t\t<div class=\"elementor-element elementor-element-15e3ac5 elementor-widget elementor-widget-heading\" data-id=\"15e3ac5\" data-element_type=\"widget\" data-widget_type=\"heading.default\">\n\t\t\t\t<div class=\"elementor-widget-container\">\n\t\t\t\t\t<h2 class=\"elementor-heading-title elementor-size-default\">\u00bfQu\u00e9 provoca los sofocos nocturnos en la Menopausia?<\/h2>\t\t\t\t<\/div>\n\t\t\t\t<\/div>\n\t\t\t\t<section class=\"elementor-section elementor-inner-section elementor-element elementor-element-4fd5598 elementor-section-content-middle elementor-section-boxed elementor-section-height-default elementor-section-height-default parallax_section_no qode_elementor_container_no\" data-id=\"4fd5598\" data-element_type=\"section\">\n\t\t\t\t\t\t<div class=\"elementor-container elementor-column-gap-default\">\n\t\t\t\t\t<div class=\"elementor-column elementor-col-100 elementor-inner-column elementor-element elementor-element-19ae9a9\" data-id=\"19ae9a9\" data-element_type=\"column\">\n\t\t\t<div class=\"elementor-widget-wrap elementor-element-populated\">\n\t\t\t\t\t\t<div class=\"elementor-element elementor-element-bef7822 elementor-widget elementor-widget-text-editor\" data-id=\"bef7822\" data-element_type=\"widget\" data-widget_type=\"text-editor.default\">\n\t\t\t\t<div class=\"elementor-widget-container\">\n\t\t\t\t\t\t\t\t\t<p>Se cree que los <strong>sofocos nocturnos durante la menopausia<\/strong> est\u00e1n relacionadas con los cambios hormonales que ocurren durante este periodo de la vida de una mujer. Durante la menopausia, los niveles de estr\u00f3geno disminuyen, lo que puede afectar al hipot\u00e1lamo, una parte del cerebro que regula la temperatura corporal. <\/p>\n\t\t\t\t\t\t\t\t<\/div>\n\t\t\t\t<\/div>\n\t\t\t\t\t<\/div>\n\t\t<\/div>\n\t\t\t\t\t<\/div>\n\t\t<\/section>\n\t\t\t\t<section class=\"elementor-section elementor-inner-section elementor-element elementor-element-edeb7ce elementor-section-boxed elementor-section-height-default elementor-section-height-default parallax_section_no qode_elementor_container_no\" data-id=\"edeb7ce\" data-element_type=\"section\">\n\t\t\t\t\t\t<div class=\"elementor-container elementor-column-gap-default\">\n\t\t\t\t\t<div class=\"elementor-column elementor-col-50 elementor-inner-column elementor-element elementor-element-5573802\" data-id=\"5573802\" data-element_type=\"column\">\n\t\t\t<div class=\"elementor-widget-wrap elementor-element-populated\">\n\t\t\t\t\t\t<div class=\"elementor-element elementor-element-67a5337 elementor-widget elementor-widget-heading\" data-id=\"67a5337\" data-element_type=\"widget\" data-widget_type=\"heading.default\">\n\t\t\t\t<div class=\"elementor-widget-container\">\n\t\t\t\t\t<h2 class=\"elementor-heading-title elementor-size-default\">\u00bfC\u00f3mo mejorar los sofocos nocturnos?<\/h2>\t\t\t\t<\/div>\n\t\t\t\t<\/div>\n\t\t\t\t<div class=\"elementor-element elementor-element-3f6f9b7 elementor-widget elementor-widget-text-editor\" data-id=\"3f6f9b7\" data-element_type=\"widget\" data-widget_type=\"text-editor.default\">\n\t\t\t\t<div class=\"elementor-widget-container\">\n\t\t\t\t\t\t\t\t\t<p>Para mejorar los <strong>calores nocturnos durante la menopausia<\/strong> podemos incluir varias cosas:<\/p>\n\t\t\t\t\t\t\t\t<\/div>\n\t\t\t\t<\/div>\n\t\t\t\t<div class=\"elementor-element elementor-element-fd73a57 elementor-widget elementor-widget-bridge_icon_list_item\" data-id=\"fd73a57\" data-element_type=\"widget\" data-widget_type=\"bridge_icon_list_item.default\">\n\t\t\t\t<div class=\"elementor-widget-container\">\n\t\t\t\t\t<div class=\"q_icon_list\"><i class=\"qode_icon_font_awesome_5 fa5 fa fa-arrow-right qode-ili-icon-holder transparent\" style=\"\" ><\/i><p style=\"font-size: 18px;\">Utilizar Ginevitex<\/p><\/div>\t\t\t\t<\/div>\n\t\t\t\t<\/div>\n\t\t\t\t<div class=\"elementor-element elementor-element-db36514 elementor-widget elementor-widget-bridge_icon_list_item\" data-id=\"db36514\" data-element_type=\"widget\" data-widget_type=\"bridge_icon_list_item.default\">\n\t\t\t\t<div class=\"elementor-widget-container\">\n\t\t\t\t\t<div class=\"q_icon_list\"><i class=\"qode_icon_font_awesome_5 fa5 fa fa-arrow-right qode-ili-icon-holder transparent\" style=\"\" ><\/i><p style=\"font-size: 18px;\">Mejorar la alimentaci\u00f3n reduciendo los hidratos de carbono simples.<\/p><\/div>\t\t\t\t<\/div>\n\t\t\t\t<\/div>\n\t\t\t\t<div class=\"elementor-element elementor-element-db1f361 elementor-widget elementor-widget-bridge_icon_list_item\" data-id=\"db1f361\" data-element_type=\"widget\" data-widget_type=\"bridge_icon_list_item.default\">\n\t\t\t\t<div class=\"elementor-widget-container\">\n\t\t\t\t\t<div class=\"q_icon_list\"><i class=\"qode_icon_font_awesome_5 fa5 fa fa-arrow-right qode-ili-icon-holder transparent\" style=\"\" ><\/i><p style=\"font-size: 18px;\">Aumentar el ejercicio de fuerza<\/p><\/div>\t\t\t\t<\/div>\n\t\t\t\t<\/div>\n\t\t\t\t<div class=\"elementor-element elementor-element-8cff9f3 elementor-widget elementor-widget-bridge_icon_list_item\" data-id=\"8cff9f3\" data-element_type=\"widget\" data-widget_type=\"bridge_icon_list_item.default\">\n\t\t\t\t<div class=\"elementor-widget-container\">\n\t\t\t\t\t<div class=\"q_icon_list\"><i class=\"qode_icon_font_awesome_5 fa5 fa fa-arrow-right qode-ili-icon-holder transparent\" style=\"\" ><\/i><p style=\"font-size: 18px;\">Beber 1,5L de agua<\/p><\/div>\t\t\t\t<\/div>\n\t\t\t\t<\/div>\n\t\t\t\t\t<\/div>\n\t\t<\/div>\n\t\t\t\t<div class=\"elementor-column elementor-col-50 elementor-inner-column elementor-element elementor-element-fe642a4\" data-id=\"fe642a4\" data-element_type=\"column\">\n\t\t\t<div class=\"elementor-widget-wrap elementor-element-populated\">\n\t\t\t\t\t\t<div class=\"elementor-element elementor-element-0b49c90 elementor-widget elementor-widget-image\" data-id=\"0b49c90\" data-element_type=\"widget\" data-widget_type=\"image.default\">\n\t\t\t\t<div class=\"elementor-widget-container\">\n\t\t\t\t\t\t\t\t\t\t\t\t\t\t\t<img decoding=\"async\" width=\"175\" height=\"277\" src=\"https:\/\/www.herbessalvatges.com\/wp-content\/uploads\/2022\/10\/ico-herbes-1.png\" class=\"attachment-large size-large wp-image-1871\" alt=\"Fitoterapia\" \/>\t\t\t\t\t\t\t\t\t\t\t\t\t\t\t<\/div>\n\t\t\t\t<\/div>\n\t\t\t\t\t<\/div>\n\t\t<\/div>\n\t\t\t\t\t<\/div>\n\t\t<\/section>\n\t\t\t\t<section class=\"elementor-section elementor-inner-section elementor-element elementor-element-86b8744 elementor-section-boxed elementor-section-height-default elementor-section-height-default parallax_section_no qode_elementor_container_no\" data-id=\"86b8744\" data-element_type=\"section\">\n\t\t\t\t\t\t<div class=\"elementor-container elementor-column-gap-default\">\n\t\t\t\t\t<div class=\"elementor-column elementor-col-100 elementor-inner-column elementor-element elementor-element-71c5795\" data-id=\"71c5795\" data-element_type=\"column\">\n\t\t\t<div class=\"elementor-widget-wrap elementor-element-populated\">\n\t\t\t\t\t\t<div class=\"elementor-element elementor-element-a2e84b5 elementor-widget elementor-widget-text-editor\" data-id=\"a2e84b5\" data-element_type=\"widget\" data-widget_type=\"text-editor.default\">\n\t\t\t\t<div class=\"elementor-widget-container\">\n\t\t\t\t\t\t\t\t\t<p>Para mejorar los sofocos durante la menopausia es importante hacer un cambio en nuestro estilo de vida. Dormir y descansar, gozar de la nueva etapa y aceptar esta transformaci\u00f3n. <\/p>\n\t\t\t\t\t\t\t\t<\/div>\n\t\t\t\t<\/div>\n\t\t\t\t\t<\/div>\n\t\t<\/div>\n\t\t\t\t\t<\/div>\n\t\t<\/section>\n\t\t\t\t\t<\/div>\n\t\t<\/div>\n\t\t\t\t\t<\/div>\n\t\t<\/section>\n\t\t\t\t<section class=\"elementor-section elementor-top-section elementor-element elementor-element-f6519df elementor-section-boxed elementor-section-height-default elementor-section-height-default parallax_section_no qode_elementor_container_no\" data-id=\"f6519df\" data-element_type=\"section\" data-settings=\"{&quot;background_background&quot;:&quot;classic&quot;}\">\n\t\t\t\t\t\t<div class=\"elementor-container elementor-column-gap-default\">\n\t\t\t\t\t<div class=\"elementor-column elementor-col-100 elementor-top-column elementor-element elementor-element-4ac2bf0\" data-id=\"4ac2bf0\" data-element_type=\"column\">\n\t\t\t<div class=\"elementor-widget-wrap elementor-element-populated\">\n\t\t\t\t\t\t<div class=\"elementor-element elementor-element-f28f80d elementor-widget elementor-widget-heading\" data-id=\"f28f80d\" data-element_type=\"widget\" data-widget_type=\"heading.default\">\n\t\t\t\t<div class=\"elementor-widget-container\">\n\t\t\t\t\t<h2 class=\"elementor-heading-title elementor-size-default\">Contacta con nuestros profesionales en Granollers<\/h2>\t\t\t\t<\/div>\n\t\t\t\t<\/div>\n\t\t\t\t<div class=\"elementor-element elementor-element-9f62df9 elementor-widget elementor-widget-text-editor\" data-id=\"9f62df9\" data-element_type=\"widget\" data-widget_type=\"text-editor.default\">\n\t\t\t\t<div class=\"elementor-widget-container\">\n\t\t\t\t\t\t\t\t\t<p><strong><em><span style=\"background-color: #f7bfae;\">\u00a1Ven y descubre c\u00f3mo podemos ayudarte a alcanzar tu mejor versi\u00f3n!<\/span><\/em><\/strong><\/p>\n\t\t\t\t\t\t\t\t<\/div>\n\t\t\t\t<\/div>\n\t\t\t\t<div class=\"elementor-element elementor-element-53ca31d elementor-widget elementor-widget-spacer\" data-id=\"53ca31d\" data-element_type=\"widget\" data-widget_type=\"spacer.default\">\n\t\t\t\t<div class=\"elementor-widget-container\">\n\t\t\t\t\t\t\t<div class=\"elementor-spacer\">\n\t\t\t<div class=\"elementor-spacer-inner\"><\/div>\n\t\t<\/div>\n\t\t\t\t\t\t<\/div>\n\t\t\t\t<\/div>\n\t\t\t\t<div class=\"elementor-element elementor-element-7a9733a elementor-widget elementor-widget-text-editor\" data-id=\"7a9733a\" data-element_type=\"widget\" data-widget_type=\"text-editor.default\">\n\t\t\t\t<div class=\"elementor-widget-container\">\n\t\t\t\t\t\t\t\t\t<p>Mare de D\u00e9u de N\u00faria, 1, 08401 GRANOLLERS, Barcelona<\/p>\n\t\t\t\t\t\t\t\t<\/div>\n\t\t\t\t<\/div>\n\t\t\t\t<div class=\"elementor-element elementor-element-613555b elementor-widget elementor-widget-heading\" data-id=\"613555b\" data-element_type=\"widget\" data-widget_type=\"heading.default\">\n\t\t\t\t<div class=\"elementor-widget-container\">\n\t\t\t\t\t<h4 class=\"elementor-heading-title elementor-size-default\">676 23 18 87<\/h4>\t\t\t\t<\/div>\n\t\t\t\t<\/div>\n\t\t\t\t<div class=\"elementor-element elementor-element-e676451 elementor-widget elementor-widget-spacer\" data-id=\"e676451\" data-element_type=\"widget\" data-widget_type=\"spacer.default\">\n\t\t\t\t<div class=\"elementor-widget-container\">\n\t\t\t\t\t\t\t<div class=\"elementor-spacer\">\n\t\t\t<div class=\"elementor-spacer-inner\"><\/div>\n\t\t<\/div>\n\t\t\t\t\t\t<\/div>\n\t\t\t\t<\/div>\n\t\t\t\t<div class=\"elementor-element elementor-element-47f9242 elementor-widget__width-auto elementor-widget elementor-widget-bridge_button\" data-id=\"47f9242\" data-element_type=\"widget\" data-widget_type=\"bridge_button.default\">\n\t\t\t\t<div class=\"elementor-widget-container\">\n\t\t\t\t\t<a  itemprop=\"url\" href=\"https:\/\/www.herbessalvatges.com\/es\/contacto\" target=\"_self\"  class=\"qbutton  default\" style=\"\">Contactar<\/a>\t\t\t\t<\/div>\n\t\t\t\t<\/div>\n\t\t\t\t\t<\/div>\n\t\t<\/div>\n\t\t\t\t\t<\/div>\n\t\t<\/section>\n\t\t\t\t<\/div>\n\t\t","protected":false},"excerpt":{"rendered":"<p>Sofocos nocturnos en la Menopausia Los sofocos nocturnos durante la menopausia son aquellas oleadas de calor repentinas que pueden afectar la parte superior del cuerpo,&#8230;<\/p>\n","protected":false},"author":2,"featured_media":0,"parent":2782,"menu_order":0,"comment_status":"closed","ping_status":"closed","template":"","meta":{"_monsterinsights_skip_tracking":false,"_monsterinsights_sitenote_active":false,"_monsterinsights_sitenote_note":"","_monsterinsights_sitenote_category":0,"_joinchat":[],"footnotes":""},"class_list":["post-2825","page","type-page","status-publish","hentry"],"yoast_head":"<!-- This site is optimized with the Yoast SEO plugin v26.5 - https:\/\/yoast.com\/wordpress\/plugins\/seo\/ -->\n<title>Sofocos nocturnos Menopausia - Herbes Salvatges<\/title>\n<meta name=\"description\" content=\"Alivia los sofocos nocturnos de la menopausia con nuestros consejos y tratamientos efectivos. \u00a1Recupera tu bienestar hoy mismo!\" \/>\n<meta name=\"robots\" content=\"index, follow, max-snippet:-1, max-image-preview:large, max-video-preview:-1\" \/>\n<link rel=\"canonical\" href=\"https:\/\/www.herbessalvatges.com\/es\/menopausia-tratamiento-y-sintomas\/sofocos-nocturnos-menopausia\/\" \/>\n<meta property=\"og:locale\" content=\"es_ES\" \/>\n<meta property=\"og:type\" content=\"article\" \/>\n<meta property=\"og:title\" content=\"Sofocos nocturnos Menopausia - Herbes Salvatges\" \/>\n<meta property=\"og:description\" content=\"Alivia los sofocos nocturnos de la menopausia con nuestros consejos y tratamientos efectivos. \u00a1Recupera tu bienestar hoy mismo!\" \/>\n<meta property=\"og:url\" content=\"https:\/\/www.herbessalvatges.com\/es\/menopausia-tratamiento-y-sintomas\/sofocos-nocturnos-menopausia\/\" \/>\n<meta property=\"og:site_name\" content=\"Herbes Salvatges\" \/>\n<meta property=\"article:modified_time\" content=\"2024-03-12T10:15:51+00:00\" \/>\n<meta property=\"og:image\" content=\"https:\/\/www.herbessalvatges.com\/wp-content\/uploads\/2022\/10\/ico-herbes-1.png\" \/>\n<meta name=\"twitter:card\" content=\"summary_large_image\" \/>\n<meta name=\"twitter:label1\" content=\"Tiempo de lectura\" \/>\n\t<meta name=\"twitter:data1\" content=\"2 minutos\" \/>\n<script type=\"application\/ld+json\" class=\"yoast-schema-graph\">{\"@context\":\"https:\/\/schema.org\",\"@graph\":[{\"@type\":\"WebPage\",\"@id\":\"https:\/\/www.herbessalvatges.com\/es\/menopausia-tratamiento-y-sintomas\/sofocos-nocturnos-menopausia\/\",\"url\":\"https:\/\/www.herbessalvatges.com\/es\/menopausia-tratamiento-y-sintomas\/sofocos-nocturnos-menopausia\/\",\"name\":\"Sofocos nocturnos Menopausia - Herbes Salvatges\",\"isPartOf\":{\"@id\":\"https:\/\/www.herbessalvatges.com\/es\/#website\"},\"primaryImageOfPage\":{\"@id\":\"https:\/\/www.herbessalvatges.com\/es\/menopausia-tratamiento-y-sintomas\/sofocos-nocturnos-menopausia\/#primaryimage\"},\"image\":{\"@id\":\"https:\/\/www.herbessalvatges.com\/es\/menopausia-tratamiento-y-sintomas\/sofocos-nocturnos-menopausia\/#primaryimage\"},\"thumbnailUrl\":\"https:\/\/www.herbessalvatges.com\/wp-content\/uploads\/2022\/10\/ico-herbes-1.png\",\"datePublished\":\"2023-10-25T09:41:05+00:00\",\"dateModified\":\"2024-03-12T10:15:51+00:00\",\"description\":\"Alivia los sofocos nocturnos de la menopausia con nuestros consejos y tratamientos efectivos. \u00a1Recupera tu bienestar hoy mismo!\",\"breadcrumb\":{\"@id\":\"https:\/\/www.herbessalvatges.com\/es\/menopausia-tratamiento-y-sintomas\/sofocos-nocturnos-menopausia\/#breadcrumb\"},\"inLanguage\":\"es\",\"potentialAction\":[{\"@type\":\"ReadAction\",\"target\":[\"https:\/\/www.herbessalvatges.com\/es\/menopausia-tratamiento-y-sintomas\/sofocos-nocturnos-menopausia\/\"]}]},{\"@type\":\"ImageObject\",\"inLanguage\":\"es\",\"@id\":\"https:\/\/www.herbessalvatges.com\/es\/menopausia-tratamiento-y-sintomas\/sofocos-nocturnos-menopausia\/#primaryimage\",\"url\":\"https:\/\/www.herbessalvatges.com\/wp-content\/uploads\/2022\/10\/ico-herbes-1.png\",\"contentUrl\":\"https:\/\/www.herbessalvatges.com\/wp-content\/uploads\/2022\/10\/ico-herbes-1.png\"},{\"@type\":\"BreadcrumbList\",\"@id\":\"https:\/\/www.herbessalvatges.com\/es\/menopausia-tratamiento-y-sintomas\/sofocos-nocturnos-menopausia\/#breadcrumb\",\"itemListElement\":[{\"@type\":\"ListItem\",\"position\":1,\"name\":\"Home\",\"item\":\"https:\/\/www.herbessalvatges.com\/es\/espacio-terapeutico-para-mejorar-tu-bienestar\/\"},{\"@type\":\"ListItem\",\"position\":2,\"name\":\"Menopausia tratamiento y s\u00edntomas\",\"item\":\"https:\/\/www.herbessalvatges.com\/es\/menopausia-tratamiento-y-sintomas\/\"},{\"@type\":\"ListItem\",\"position\":3,\"name\":\"Sofocos nocturnos Menopausia\"}]},{\"@type\":\"WebSite\",\"@id\":\"https:\/\/www.herbessalvatges.com\/es\/#website\",\"url\":\"https:\/\/www.herbessalvatges.com\/es\/\",\"name\":\"Salut Conscient\",\"description\":\"Espai terap\u00e8utic per millorar el teu benestar amb Naturopatia, alimentaci\u00f3 conscient i suplementaci\u00f3 natural.\",\"publisher\":{\"@id\":\"https:\/\/www.herbessalvatges.com\/es\/#organization\"},\"potentialAction\":[{\"@type\":\"SearchAction\",\"target\":{\"@type\":\"EntryPoint\",\"urlTemplate\":\"https:\/\/www.herbessalvatges.com\/es\/?s={search_term_string}\"},\"query-input\":{\"@type\":\"PropertyValueSpecification\",\"valueRequired\":true,\"valueName\":\"search_term_string\"}}],\"inLanguage\":\"es\"},{\"@type\":\"Organization\",\"@id\":\"https:\/\/www.herbessalvatges.com\/es\/#organization\",\"name\":\"Salut Conscient\",\"url\":\"https:\/\/www.herbessalvatges.com\/es\/\",\"logo\":{\"@type\":\"ImageObject\",\"inLanguage\":\"es\",\"@id\":\"https:\/\/www.herbessalvatges.com\/es\/#\/schema\/logo\/image\/\",\"url\":\"https:\/\/www.herbessalvatges.com\/wp-content\/uploads\/2022\/10\/logo-txell.png\",\"contentUrl\":\"https:\/\/www.herbessalvatges.com\/wp-content\/uploads\/2022\/10\/logo-txell.png\",\"width\":866,\"height\":102,\"caption\":\"Salut Conscient\"},\"image\":{\"@id\":\"https:\/\/www.herbessalvatges.com\/es\/#\/schema\/logo\/image\/\"}}]}<\/script>\n<!-- \/ Yoast SEO plugin. -->","yoast_head_json":{"title":"Sofocos nocturnos Menopausia - Herbes Salvatges","description":"Alivia los sofocos nocturnos de la menopausia con nuestros consejos y tratamientos efectivos. \u00a1Recupera tu bienestar hoy mismo!","robots":{"index":"index","follow":"follow","max-snippet":"max-snippet:-1","max-image-preview":"max-image-preview:large","max-video-preview":"max-video-preview:-1"},"canonical":"https:\/\/www.herbessalvatges.com\/es\/menopausia-tratamiento-y-sintomas\/sofocos-nocturnos-menopausia\/","og_locale":"es_ES","og_type":"article","og_title":"Sofocos nocturnos Menopausia - Herbes Salvatges","og_description":"Alivia los sofocos nocturnos de la menopausia con nuestros consejos y tratamientos efectivos. \u00a1Recupera tu bienestar hoy mismo!","og_url":"https:\/\/www.herbessalvatges.com\/es\/menopausia-tratamiento-y-sintomas\/sofocos-nocturnos-menopausia\/","og_site_name":"Herbes Salvatges","article_modified_time":"2024-03-12T10:15:51+00:00","og_image":[{"url":"https:\/\/www.herbessalvatges.com\/wp-content\/uploads\/2022\/10\/ico-herbes-1.png","type":"","width":"","height":""}],"twitter_card":"summary_large_image","twitter_misc":{"Tiempo de lectura":"2 minutos"},"schema":{"@context":"https:\/\/schema.org","@graph":[{"@type":"WebPage","@id":"https:\/\/www.herbessalvatges.com\/es\/menopausia-tratamiento-y-sintomas\/sofocos-nocturnos-menopausia\/","url":"https:\/\/www.herbessalvatges.com\/es\/menopausia-tratamiento-y-sintomas\/sofocos-nocturnos-menopausia\/","name":"Sofocos nocturnos Menopausia - Herbes Salvatges","isPartOf":{"@id":"https:\/\/www.herbessalvatges.com\/es\/#website"},"primaryImageOfPage":{"@id":"https:\/\/www.herbessalvatges.com\/es\/menopausia-tratamiento-y-sintomas\/sofocos-nocturnos-menopausia\/#primaryimage"},"image":{"@id":"https:\/\/www.herbessalvatges.com\/es\/menopausia-tratamiento-y-sintomas\/sofocos-nocturnos-menopausia\/#primaryimage"},"thumbnailUrl":"https:\/\/www.herbessalvatges.com\/wp-content\/uploads\/2022\/10\/ico-herbes-1.png","datePublished":"2023-10-25T09:41:05+00:00","dateModified":"2024-03-12T10:15:51+00:00","description":"Alivia los sofocos nocturnos de la menopausia con nuestros consejos y tratamientos efectivos. \u00a1Recupera tu bienestar hoy mismo!","breadcrumb":{"@id":"https:\/\/www.herbessalvatges.com\/es\/menopausia-tratamiento-y-sintomas\/sofocos-nocturnos-menopausia\/#breadcrumb"},"inLanguage":"es","potentialAction":[{"@type":"ReadAction","target":["https:\/\/www.herbessalvatges.com\/es\/menopausia-tratamiento-y-sintomas\/sofocos-nocturnos-menopausia\/"]}]},{"@type":"ImageObject","inLanguage":"es","@id":"https:\/\/www.herbessalvatges.com\/es\/menopausia-tratamiento-y-sintomas\/sofocos-nocturnos-menopausia\/#primaryimage","url":"https:\/\/www.herbessalvatges.com\/wp-content\/uploads\/2022\/10\/ico-herbes-1.png","contentUrl":"https:\/\/www.herbessalvatges.com\/wp-content\/uploads\/2022\/10\/ico-herbes-1.png"},{"@type":"BreadcrumbList","@id":"https:\/\/www.herbessalvatges.com\/es\/menopausia-tratamiento-y-sintomas\/sofocos-nocturnos-menopausia\/#breadcrumb","itemListElement":[{"@type":"ListItem","position":1,"name":"Home","item":"https:\/\/www.herbessalvatges.com\/es\/espacio-terapeutico-para-mejorar-tu-bienestar\/"},{"@type":"ListItem","position":2,"name":"Menopausia tratamiento y s\u00edntomas","item":"https:\/\/www.herbessalvatges.com\/es\/menopausia-tratamiento-y-sintomas\/"},{"@type":"ListItem","position":3,"name":"Sofocos nocturnos Menopausia"}]},{"@type":"WebSite","@id":"https:\/\/www.herbessalvatges.com\/es\/#website","url":"https:\/\/www.herbessalvatges.com\/es\/","name":"Salut Conscient","description":"Espai terap\u00e8utic per millorar el teu benestar amb Naturopatia, alimentaci\u00f3 conscient i suplementaci\u00f3 natural.","publisher":{"@id":"https:\/\/www.herbessalvatges.com\/es\/#organization"},"potentialAction":[{"@type":"SearchAction","target":{"@type":"EntryPoint","urlTemplate":"https:\/\/www.herbessalvatges.com\/es\/?s={search_term_string}"},"query-input":{"@type":"PropertyValueSpecification","valueRequired":true,"valueName":"search_term_string"}}],"inLanguage":"es"},{"@type":"Organization","@id":"https:\/\/www.herbessalvatges.com\/es\/#organization","name":"Salut Conscient","url":"https:\/\/www.herbessalvatges.com\/es\/","logo":{"@type":"ImageObject","inLanguage":"es","@id":"https:\/\/www.herbessalvatges.com\/es\/#\/schema\/logo\/image\/","url":"https:\/\/www.herbessalvatges.com\/wp-content\/uploads\/2022\/10\/logo-txell.png","contentUrl":"https:\/\/www.herbessalvatges.com\/wp-content\/uploads\/2022\/10\/logo-txell.png","width":866,"height":102,"caption":"Salut Conscient"},"image":{"@id":"https:\/\/www.herbessalvatges.com\/es\/#\/schema\/logo\/image\/"}}]}},"_links":{"self":[{"href":"https:\/\/www.herbessalvatges.com\/es\/wp-json\/wp\/v2\/pages\/2825","targetHints":{"allow":["GET"]}}],"collection":[{"href":"https:\/\/www.herbessalvatges.com\/es\/wp-json\/wp\/v2\/pages"}],"about":[{"href":"https:\/\/www.herbessalvatges.com\/es\/wp-json\/wp\/v2\/types\/page"}],"author":[{"embeddable":true,"href":"https:\/\/www.herbessalvatges.com\/es\/wp-json\/wp\/v2\/users\/2"}],"replies":[{"embeddable":true,"href":"https:\/\/www.herbessalvatges.com\/es\/wp-json\/wp\/v2\/comments?post=2825"}],"version-history":[{"count":9,"href":"https:\/\/www.herbessalvatges.com\/es\/wp-json\/wp\/v2\/pages\/2825\/revisions"}],"predecessor-version":[{"id":3130,"href":"https:\/\/www.herbessalvatges.com\/es\/wp-json\/wp\/v2\/pages\/2825\/revisions\/3130"}],"up":[{"embeddable":true,"href":"https:\/\/www.herbessalvatges.com\/es\/wp-json\/wp\/v2\/pages\/2782"}],"wp:attachment":[{"href":"https:\/\/www.herbessalvatges.com\/es\/wp-json\/wp\/v2\/media?parent=2825"}],"curies":[{"name":"wp","href":"https:\/\/api.w.org\/{rel}","templated":true}]}}