{"id":3267,"date":"2023-09-05T15:54:20","date_gmt":"2023-09-05T13:54:20","guid":{"rendered":"https:\/\/www.herbessalvatges.com\/granollers\/ansiedad\/"},"modified":"2024-09-30T17:05:38","modified_gmt":"2024-09-30T15:05:38","slug":"ansiedad","status":"publish","type":"page","link":"https:\/\/www.herbessalvatges.com\/es\/granollers\/ansiedad\/","title":{"rendered":"Ansiedad"},"content":{"rendered":"\t\t<div data-elementor-type=\"wp-page\" data-elementor-id=\"3267\" class=\"elementor elementor-3267 elementor-2635\">\n\t\t\t\t\t\t<section class=\"elementor-section elementor-top-section elementor-element elementor-element-e62390f elementor-section-boxed elementor-section-height-default elementor-section-height-default parallax_section_no qode_elementor_container_no\" data-id=\"e62390f\" data-element_type=\"section\">\n\t\t\t\t\t\t<div class=\"elementor-container elementor-column-gap-default\">\n\t\t\t\t\t<div class=\"elementor-column elementor-col-100 elementor-top-column elementor-element elementor-element-fa7fe10\" data-id=\"fa7fe10\" data-element_type=\"column\">\n\t\t\t<div class=\"elementor-widget-wrap elementor-element-populated\">\n\t\t\t\t\t\t<div class=\"elementor-element elementor-element-09158aa elementor-widget elementor-widget-heading\" data-id=\"09158aa\" data-element_type=\"widget\" data-widget_type=\"heading.default\">\n\t\t\t\t<div class=\"elementor-widget-container\">\n\t\t\t\t\t<h1 class=\"elementor-heading-title elementor-size-default\">Cuidamos de la ansiedad en Granollers<\/h1>\t\t\t\t<\/div>\n\t\t\t\t<\/div>\n\t\t\t\t<div class=\"elementor-element elementor-element-a552a45 elementor-widget elementor-widget-text-editor\" data-id=\"a552a45\" data-element_type=\"widget\" data-widget_type=\"text-editor.default\">\n\t\t\t\t<div class=\"elementor-widget-container\">\n\t\t\t\t\t\t\t\t\t<p>aSalut Conscient tiene los mejores especialistas en <strong>ansiedad en Granollers. El e<\/strong>str\u00e9s del d\u00eda a d\u00eda, las prisas del d\u00eda a d\u00eda&#8230; Estamos siempre conectadas y centradas en las tareas futuras.. Este estado nos acaba generando malestar, frustraci\u00f3n, rabia&#8230; y ansiedad. Estar siempre en el futuro y en constante estado de creaci\u00f3n o acci\u00f3n genera ansiedad. A consecuencia de este estado ansioso dormimos peor, tomamos m\u00e1s estimulantes (az\u00facar y caf\u00e9) y la pelota se hace cada vez m\u00e1s grande. Nuestras hormonas se desequilibran, nos neuroinflamamos. Agotamos la capacidad innata del nuestro organismo de crear suficientes neurotransmisores calmantes o equilibrantes. Sufrimos un d\u00e9ficit de serotonina y tenemos un exceso de cortisol o adrenalina. Des de la Salut Conscient hace a\u00f1os que te ofrecemos herramientas para gestionar este tipo de situaciones. A veces las situaciones son puntuales y otras veces se alargan en el tiempo hasta el punto que lo naturalizamos y normalizamos.        <\/p>\n<p>Vivir con ansiedad es cansado, debilita nuestro sistema inmune i envejece.<\/p>\n<p>Respirar, regular los ritmos circadianos, intensificar la pr\u00e1ctica deportiva y algunos suplementos son esenciales para disminuir nuestros niveles de ansiedad. Tambi\u00e9n es imprescindible hacer una revisi\u00f3n de como nos nutrimos. Habitualmente cuanto m\u00e1s ansiosas nos sentimos, peor nos alimentamos.   <\/p><\/p>\n\t\t\t\t\t\t\t\t<\/div>\n\t\t\t\t<\/div>\n\t\t\t\t\t<\/div>\n\t\t<\/div>\n\t\t\t\t\t<\/div>\n\t\t<\/section>\n\t\t\t\t<section class=\"elementor-section elementor-top-section elementor-element elementor-element-f5325ec elementor-section-boxed elementor-section-height-default elementor-section-height-default parallax_section_no qode_elementor_container_no\" data-id=\"f5325ec\" data-element_type=\"section\">\n\t\t\t\t\t\t<div class=\"elementor-container elementor-column-gap-default\">\n\t\t\t\t\t<div class=\"elementor-column elementor-col-100 elementor-top-column elementor-element elementor-element-9e6772f\" data-id=\"9e6772f\" data-element_type=\"column\">\n\t\t\t<div class=\"elementor-widget-wrap elementor-element-populated\">\n\t\t\t\t\t\t<div class=\"elementor-element elementor-element-15e3ac5 elementor-widget elementor-widget-heading\" data-id=\"15e3ac5\" data-element_type=\"widget\" data-widget_type=\"heading.default\">\n\t\t\t\t<div class=\"elementor-widget-container\">\n\t\t\t\t\t<h2 class=\"elementor-heading-title elementor-size-default\">Especialistas en poder superar problemas de ansiedad.<\/h2>\t\t\t\t<\/div>\n\t\t\t\t<\/div>\n\t\t\t\t<section class=\"elementor-section elementor-inner-section elementor-element elementor-element-4fd5598 elementor-section-content-middle elementor-section-boxed elementor-section-height-default elementor-section-height-default parallax_section_no qode_elementor_container_no\" data-id=\"4fd5598\" data-element_type=\"section\">\n\t\t\t\t\t\t<div class=\"elementor-container elementor-column-gap-default\">\n\t\t\t\t\t<div class=\"elementor-column elementor-col-50 elementor-inner-column elementor-element elementor-element-757a8d0\" data-id=\"757a8d0\" data-element_type=\"column\">\n\t\t\t<div class=\"elementor-widget-wrap elementor-element-populated\">\n\t\t\t\t\t\t<div class=\"elementor-element elementor-element-89b3509 elementor-widget elementor-widget-image\" data-id=\"89b3509\" data-element_type=\"widget\" data-widget_type=\"image.default\">\n\t\t\t\t<div class=\"elementor-widget-container\">\n\t\t\t\t\t\t\t\t\t\t\t\t\t\t\t<img fetchpriority=\"high\" decoding=\"async\" width=\"1024\" height=\"826\" src=\"https:\/\/www.herbessalvatges.com\/wp-content\/uploads\/2022\/10\/AM_6155-1-1024x826.jpg\" class=\"attachment-large size-large wp-image-1896\" alt=\"Txell-Vi\u00f1als Yoga\" srcset=\"https:\/\/www.herbessalvatges.com\/wp-content\/uploads\/2022\/10\/AM_6155-1-1024x826.jpg 1024w, https:\/\/www.herbessalvatges.com\/wp-content\/uploads\/2022\/10\/AM_6155-1-scaled-600x484.jpg 600w, https:\/\/www.herbessalvatges.com\/wp-content\/uploads\/2022\/10\/AM_6155-1-300x242.jpg 300w, https:\/\/www.herbessalvatges.com\/wp-content\/uploads\/2022\/10\/AM_6155-1-768x620.jpg 768w, https:\/\/www.herbessalvatges.com\/wp-content\/uploads\/2022\/10\/AM_6155-1-1536x1239.jpg 1536w, https:\/\/www.herbessalvatges.com\/wp-content\/uploads\/2022\/10\/AM_6155-1-2048x1652.jpg 2048w, https:\/\/www.herbessalvatges.com\/wp-content\/uploads\/2022\/10\/AM_6155-1-700x565.jpg 700w\" sizes=\"(max-width: 1024px) 100vw, 1024px\" \/>\t\t\t\t\t\t\t\t\t\t\t\t\t\t\t<\/div>\n\t\t\t\t<\/div>\n\t\t\t\t\t<\/div>\n\t\t<\/div>\n\t\t\t\t<div class=\"elementor-column elementor-col-50 elementor-inner-column elementor-element elementor-element-19ae9a9\" data-id=\"19ae9a9\" data-element_type=\"column\">\n\t\t\t<div class=\"elementor-widget-wrap elementor-element-populated\">\n\t\t\t\t\t\t<div class=\"elementor-element elementor-element-bef7822 elementor-widget elementor-widget-text-editor\" data-id=\"bef7822\" data-element_type=\"widget\" data-widget_type=\"text-editor.default\">\n\t\t\t\t<div class=\"elementor-widget-container\">\n\t\t\t\t\t\t\t\t\t<p>La Salut Conscient trata a ansiedad de manera global y hol\u00edstica. La alimentaci\u00f3n tiene un impacto brutal en el nuestro sistema nervioso. Escoger alimentos procesados en vez de cocinar alimentos reales puede parecer una estrategia f\u00e1cil e inocua pero a largo plazo tiene un impacto en negativo sobre nuestra salud.   <\/p>\n<p>De hecho, la gesti\u00f3n del tiempo es clave para aumentar o disminuir la sensaci\u00f3n de ansiedad. Descubrir c\u00f3mo utilizamos nuestro tiempo es clave para saber de cuanto tiempo dispongo.  <\/p>\n<p>Por eso des de la Salut Conscient analizamos cada caso. Tan importante es hacer como descansar y tan valioso es actuar como aceptar que ahora no es el momento id\u00f3neo. Paciencia y confianza, son tus mejores aliadas.<\/p>\n\t\t\t\t\t\t\t\t<\/div>\n\t\t\t\t<\/div>\n\t\t\t\t\t<\/div>\n\t\t<\/div>\n\t\t\t\t\t<\/div>\n\t\t<\/section>\n\t\t\t\t\t<\/div>\n\t\t<\/div>\n\t\t\t\t\t<\/div>\n\t\t<\/section>\n\t\t\t\t<section class=\"elementor-section elementor-top-section elementor-element elementor-element-62c3bc7 elementor-section-boxed elementor-section-height-default elementor-section-height-default parallax_section_no qode_elementor_container_no\" data-id=\"62c3bc7\" data-element_type=\"section\" data-settings=\"{&quot;background_background&quot;:&quot;classic&quot;}\">\n\t\t\t\t\t\t<div class=\"elementor-container elementor-column-gap-default\">\n\t\t\t\t\t<div class=\"elementor-column elementor-col-100 elementor-top-column elementor-element elementor-element-1f08879\" data-id=\"1f08879\" data-element_type=\"column\">\n\t\t\t<div class=\"elementor-widget-wrap elementor-element-populated\">\n\t\t\t\t\t\t<div class=\"elementor-element elementor-element-45def47 elementor-widget elementor-widget-heading\" data-id=\"45def47\" data-element_type=\"widget\" data-widget_type=\"heading.default\">\n\t\t\t\t<div class=\"elementor-widget-container\">\n\t\t\t\t\t<h2 class=\"elementor-heading-title elementor-size-default\">\u00bfQu\u00e9 t\u00e9cnicas te ense\u00f1ar\u00e9?<\/h2>\t\t\t\t<\/div>\n\t\t\t\t<\/div>\n\t\t\t\t<div class=\"elementor-element elementor-element-fadadd4 elementor-widget elementor-widget-text-editor\" data-id=\"fadadd4\" data-element_type=\"widget\" data-widget_type=\"text-editor.default\">\n\t\t\t\t<div class=\"elementor-widget-container\">\n\t\t\t\t\t\t\t\t\t<p>Para reducir los niveles de ansiedad lo m\u00e1s importante es saber d\u00f3nde estoy. Es decir, c\u00f3mo duermo, c\u00f3mo me alimento, c\u00f3mo detoxifico y cu\u00e1nto me muevo. Un vez sepamos esto&#8230; \u00bfSabes qu\u00e9 haremos a continuaci\u00f3n? RESPIRAR!   <\/p>\n<p>RESPIRAR es la herramienta m\u00e1s r\u00e1pida y potente para reducir la ansiedad. Hay estudios que demuestran que la pr\u00e1ctica diaria de la RESPIRACI\u00d3N CONSCIENTE calma igual que determinados ansiol\u00edticos. <\/p>\n<p>La otra pr\u00e1ctica que transformaremos es la alimentaci\u00f3n. Comemos diariamente entre tres y cinco veces. Si escogemos buenos alimentos podemos mejorar nuestra microbiota y reducir niveles de ansiedad. Si por el contrario escogemos alimentos ricos en az\u00facares y ultra procesados estamos da\u00f1ando nuestra microbiota facilitando una posible neuroinflamaci\u00f3n.  <\/p><\/p>\n\t\t\t\t\t\t\t\t<\/div>\n\t\t\t\t<\/div>\n\t\t\t\t\t<\/div>\n\t\t<\/div>\n\t\t\t\t\t<\/div>\n\t\t<\/section>\n\t\t\t\t<section class=\"elementor-section elementor-top-section elementor-element elementor-element-f6519df elementor-section-boxed elementor-section-height-default elementor-section-height-default parallax_section_no qode_elementor_container_no\" data-id=\"f6519df\" data-element_type=\"section\" data-settings=\"{&quot;background_background&quot;:&quot;classic&quot;}\">\n\t\t\t\t\t\t<div class=\"elementor-container elementor-column-gap-default\">\n\t\t\t\t\t<div class=\"elementor-column elementor-col-100 elementor-top-column elementor-element elementor-element-4ac2bf0\" data-id=\"4ac2bf0\" data-element_type=\"column\">\n\t\t\t<div class=\"elementor-widget-wrap elementor-element-populated\">\n\t\t\t\t\t\t<div class=\"elementor-element elementor-element-613555b elementor-widget elementor-widget-heading\" data-id=\"613555b\" data-element_type=\"widget\" data-widget_type=\"heading.default\">\n\t\t\t\t<div class=\"elementor-widget-container\">\n\t\t\t\t\t<h2 class=\"elementor-heading-title elementor-size-default\">Contacta con nuestros especialistas en gesti\u00f3n de ansiedad en Granollers<\/h2>\t\t\t\t<\/div>\n\t\t\t\t<\/div>\n\t\t\t\t<div class=\"elementor-element elementor-element-e73ffdf elementor-widget elementor-widget-spacer\" data-id=\"e73ffdf\" data-element_type=\"widget\" data-widget_type=\"spacer.default\">\n\t\t\t\t<div class=\"elementor-widget-container\">\n\t\t\t\t\t\t\t<div class=\"elementor-spacer\">\n\t\t\t<div class=\"elementor-spacer-inner\"><\/div>\n\t\t<\/div>\n\t\t\t\t\t\t<\/div>\n\t\t\t\t<\/div>\n\t\t\t\t<div class=\"elementor-element elementor-element-9f62df9 elementor-widget elementor-widget-text-editor\" data-id=\"9f62df9\" data-element_type=\"widget\" data-widget_type=\"text-editor.default\">\n\t\t\t\t<div class=\"elementor-widget-container\">\n\t\t\t\t\t\t\t\t\t<div class=\"elementor-element elementor-element-9f62df9 elementor-widget elementor-widget-text-editor\" data-id=\"9f62df9\" data-element_type=\"widget\" data-widget_type=\"text-editor.default\">\n<div class=\"elementor-widget-container\">\n<p><em><strong>Ven y descubre como recuperar tu menjor versi\u00f3n!<\/strong><\/em><\/p>\n<\/div>\n<\/div>\n\t\t\t\t\t\t\t\t<\/div>\n\t\t\t\t<\/div>\n\t\t\t\t<div class=\"elementor-element elementor-element-cbeb357 elementor-widget elementor-widget-text-editor\" data-id=\"cbeb357\" data-element_type=\"widget\" data-widget_type=\"text-editor.default\">\n\t\t\t\t<div class=\"elementor-widget-container\">\n\t\t\t\t\t\t\t\t\t<div class=\"elementor-element elementor-element-9f62df9 elementor-widget elementor-widget-text-editor\" data-id=\"9f62df9\" data-element_type=\"widget\" data-widget_type=\"text-editor.default\">\n<div class=\"elementor-widget-container\">\n<p>Mare de D\u00e9u de N\u00faria, 1, 08401 GRANOLLERS, Barcelona<\/p>\n<\/div>\n<\/div>\n\t\t\t\t\t\t\t\t<\/div>\n\t\t\t\t<\/div>\n\t\t\t\t<div class=\"elementor-element elementor-element-6b586c5 elementor-widget elementor-widget-heading\" data-id=\"6b586c5\" data-element_type=\"widget\" data-widget_type=\"heading.default\">\n\t\t\t\t<div class=\"elementor-widget-container\">\n\t\t\t\t\t<h4 class=\"elementor-heading-title elementor-size-default\">652 34 73 38<\/h4>\t\t\t\t<\/div>\n\t\t\t\t<\/div>\n\t\t\t\t<div class=\"elementor-element elementor-element-e676451 elementor-widget elementor-widget-spacer\" data-id=\"e676451\" data-element_type=\"widget\" data-widget_type=\"spacer.default\">\n\t\t\t\t<div class=\"elementor-widget-container\">\n\t\t\t\t\t\t\t<div class=\"elementor-spacer\">\n\t\t\t<div class=\"elementor-spacer-inner\"><\/div>\n\t\t<\/div>\n\t\t\t\t\t\t<\/div>\n\t\t\t\t<\/div>\n\t\t\t\t<div class=\"elementor-element elementor-element-47f9242 elementor-widget__width-auto elementor-widget elementor-widget-bridge_button\" data-id=\"47f9242\" data-element_type=\"widget\" data-widget_type=\"bridge_button.default\">\n\t\t\t\t<div class=\"elementor-widget-container\">\n\t\t\t\t\t<a  itemprop=\"url\" href=\"https:\/\/www.herbessalvatges.com\/es\/contacto\" target=\"_self\"  class=\"qbutton  default\" style=\"\">Contactar<\/a>\t\t\t\t<\/div>\n\t\t\t\t<\/div>\n\t\t\t\t\t<\/div>\n\t\t<\/div>\n\t\t\t\t\t<\/div>\n\t\t<\/section>\n\t\t\t\t<\/div>\n\t\t","protected":false},"excerpt":{"rendered":"<p>Cuidamos de la ansiedad en Granollers aSalut Conscient tiene los mejores especialistas en ansiedad en Granollers. El estr\u00e9s del d\u00eda a d\u00eda, las prisas del&#8230;<\/p>\n","protected":false},"author":1,"featured_media":0,"parent":3037,"menu_order":0,"comment_status":"closed","ping_status":"closed","template":"","meta":{"_monsterinsights_skip_tracking":false,"_monsterinsights_sitenote_active":false,"_monsterinsights_sitenote_note":"","_monsterinsights_sitenote_category":0,"_joinchat":[],"footnotes":""},"class_list":["post-3267","page","type-page","status-publish","hentry"],"yoast_head":"<!-- This site is optimized with the Yoast SEO plugin v26.5 - https:\/\/yoast.com\/wordpress\/plugins\/seo\/ -->\n<title>Ansiedad - Herbes Salvatges<\/title>\n<meta name=\"robots\" content=\"index, follow, max-snippet:-1, max-image-preview:large, max-video-preview:-1\" \/>\n<link rel=\"canonical\" href=\"https:\/\/www.herbessalvatges.com\/es\/granollers\/ansiedad\/\" \/>\n<meta property=\"og:locale\" content=\"es_ES\" \/>\n<meta property=\"og:type\" content=\"article\" \/>\n<meta property=\"og:title\" content=\"Ansiedad - Herbes Salvatges\" \/>\n<meta property=\"og:description\" content=\"Cuidamos de la ansiedad en Granollers aSalut Conscient tiene los mejores especialistas en ansiedad en Granollers. El estr\u00e9s del d\u00eda a d\u00eda, las prisas del...\" \/>\n<meta property=\"og:url\" content=\"https:\/\/www.herbessalvatges.com\/es\/granollers\/ansiedad\/\" \/>\n<meta property=\"og:site_name\" content=\"Herbes Salvatges\" \/>\n<meta property=\"article:modified_time\" content=\"2024-09-30T15:05:38+00:00\" \/>\n<meta property=\"og:image\" content=\"https:\/\/www.herbessalvatges.com\/wp-content\/uploads\/2022\/10\/AM_6155-1-1024x826.jpg\" \/>\n<meta name=\"twitter:card\" content=\"summary_large_image\" \/>\n<meta name=\"twitter:label1\" content=\"Tiempo de lectura\" \/>\n\t<meta name=\"twitter:data1\" content=\"3 minutos\" \/>\n<script type=\"application\/ld+json\" class=\"yoast-schema-graph\">{\"@context\":\"https:\/\/schema.org\",\"@graph\":[{\"@type\":\"WebPage\",\"@id\":\"https:\/\/www.herbessalvatges.com\/es\/granollers\/ansiedad\/\",\"url\":\"https:\/\/www.herbessalvatges.com\/es\/granollers\/ansiedad\/\",\"name\":\"Ansiedad - Herbes Salvatges\",\"isPartOf\":{\"@id\":\"https:\/\/www.herbessalvatges.com\/es\/#website\"},\"primaryImageOfPage\":{\"@id\":\"https:\/\/www.herbessalvatges.com\/es\/granollers\/ansiedad\/#primaryimage\"},\"image\":{\"@id\":\"https:\/\/www.herbessalvatges.com\/es\/granollers\/ansiedad\/#primaryimage\"},\"thumbnailUrl\":\"https:\/\/www.herbessalvatges.com\/wp-content\/uploads\/2022\/10\/AM_6155-1-1024x826.jpg\",\"datePublished\":\"2023-09-05T13:54:20+00:00\",\"dateModified\":\"2024-09-30T15:05:38+00:00\",\"breadcrumb\":{\"@id\":\"https:\/\/www.herbessalvatges.com\/es\/granollers\/ansiedad\/#breadcrumb\"},\"inLanguage\":\"es\",\"potentialAction\":[{\"@type\":\"ReadAction\",\"target\":[\"https:\/\/www.herbessalvatges.com\/es\/granollers\/ansiedad\/\"]}]},{\"@type\":\"ImageObject\",\"inLanguage\":\"es\",\"@id\":\"https:\/\/www.herbessalvatges.com\/es\/granollers\/ansiedad\/#primaryimage\",\"url\":\"https:\/\/www.herbessalvatges.com\/wp-content\/uploads\/2022\/10\/AM_6155-1-1024x826.jpg\",\"contentUrl\":\"https:\/\/www.herbessalvatges.com\/wp-content\/uploads\/2022\/10\/AM_6155-1-1024x826.jpg\"},{\"@type\":\"BreadcrumbList\",\"@id\":\"https:\/\/www.herbessalvatges.com\/es\/granollers\/ansiedad\/#breadcrumb\",\"itemListElement\":[{\"@type\":\"ListItem\",\"position\":1,\"name\":\"Home\",\"item\":\"https:\/\/www.herbessalvatges.com\/es\/espacio-terapeutico-para-mejorar-tu-bienestar\/\"},{\"@type\":\"ListItem\",\"position\":2,\"name\":\"Granollers\",\"item\":\"https:\/\/www.herbessalvatges.com\/es\/granollers\/\"},{\"@type\":\"ListItem\",\"position\":3,\"name\":\"Ansiedad\"}]},{\"@type\":\"WebSite\",\"@id\":\"https:\/\/www.herbessalvatges.com\/es\/#website\",\"url\":\"https:\/\/www.herbessalvatges.com\/es\/\",\"name\":\"Salut Conscient\",\"description\":\"Espai terap\u00e8utic per millorar el teu benestar amb Naturopatia, alimentaci\u00f3 conscient i suplementaci\u00f3 natural.\",\"publisher\":{\"@id\":\"https:\/\/www.herbessalvatges.com\/es\/#organization\"},\"potentialAction\":[{\"@type\":\"SearchAction\",\"target\":{\"@type\":\"EntryPoint\",\"urlTemplate\":\"https:\/\/www.herbessalvatges.com\/es\/?s={search_term_string}\"},\"query-input\":{\"@type\":\"PropertyValueSpecification\",\"valueRequired\":true,\"valueName\":\"search_term_string\"}}],\"inLanguage\":\"es\"},{\"@type\":\"Organization\",\"@id\":\"https:\/\/www.herbessalvatges.com\/es\/#organization\",\"name\":\"Salut Conscient\",\"url\":\"https:\/\/www.herbessalvatges.com\/es\/\",\"logo\":{\"@type\":\"ImageObject\",\"inLanguage\":\"es\",\"@id\":\"https:\/\/www.herbessalvatges.com\/es\/#\/schema\/logo\/image\/\",\"url\":\"https:\/\/www.herbessalvatges.com\/wp-content\/uploads\/2022\/10\/logo-txell.png\",\"contentUrl\":\"https:\/\/www.herbessalvatges.com\/wp-content\/uploads\/2022\/10\/logo-txell.png\",\"width\":866,\"height\":102,\"caption\":\"Salut Conscient\"},\"image\":{\"@id\":\"https:\/\/www.herbessalvatges.com\/es\/#\/schema\/logo\/image\/\"}}]}<\/script>\n<!-- \/ Yoast SEO plugin. -->","yoast_head_json":{"title":"Ansiedad - Herbes Salvatges","robots":{"index":"index","follow":"follow","max-snippet":"max-snippet:-1","max-image-preview":"max-image-preview:large","max-video-preview":"max-video-preview:-1"},"canonical":"https:\/\/www.herbessalvatges.com\/es\/granollers\/ansiedad\/","og_locale":"es_ES","og_type":"article","og_title":"Ansiedad - Herbes Salvatges","og_description":"Cuidamos de la ansiedad en Granollers aSalut Conscient tiene los mejores especialistas en ansiedad en Granollers. El estr\u00e9s del d\u00eda a d\u00eda, las prisas del...","og_url":"https:\/\/www.herbessalvatges.com\/es\/granollers\/ansiedad\/","og_site_name":"Herbes Salvatges","article_modified_time":"2024-09-30T15:05:38+00:00","og_image":[{"url":"https:\/\/www.herbessalvatges.com\/wp-content\/uploads\/2022\/10\/AM_6155-1-1024x826.jpg","type":"","width":"","height":""}],"twitter_card":"summary_large_image","twitter_misc":{"Tiempo de lectura":"3 minutos"},"schema":{"@context":"https:\/\/schema.org","@graph":[{"@type":"WebPage","@id":"https:\/\/www.herbessalvatges.com\/es\/granollers\/ansiedad\/","url":"https:\/\/www.herbessalvatges.com\/es\/granollers\/ansiedad\/","name":"Ansiedad - Herbes Salvatges","isPartOf":{"@id":"https:\/\/www.herbessalvatges.com\/es\/#website"},"primaryImageOfPage":{"@id":"https:\/\/www.herbessalvatges.com\/es\/granollers\/ansiedad\/#primaryimage"},"image":{"@id":"https:\/\/www.herbessalvatges.com\/es\/granollers\/ansiedad\/#primaryimage"},"thumbnailUrl":"https:\/\/www.herbessalvatges.com\/wp-content\/uploads\/2022\/10\/AM_6155-1-1024x826.jpg","datePublished":"2023-09-05T13:54:20+00:00","dateModified":"2024-09-30T15:05:38+00:00","breadcrumb":{"@id":"https:\/\/www.herbessalvatges.com\/es\/granollers\/ansiedad\/#breadcrumb"},"inLanguage":"es","potentialAction":[{"@type":"ReadAction","target":["https:\/\/www.herbessalvatges.com\/es\/granollers\/ansiedad\/"]}]},{"@type":"ImageObject","inLanguage":"es","@id":"https:\/\/www.herbessalvatges.com\/es\/granollers\/ansiedad\/#primaryimage","url":"https:\/\/www.herbessalvatges.com\/wp-content\/uploads\/2022\/10\/AM_6155-1-1024x826.jpg","contentUrl":"https:\/\/www.herbessalvatges.com\/wp-content\/uploads\/2022\/10\/AM_6155-1-1024x826.jpg"},{"@type":"BreadcrumbList","@id":"https:\/\/www.herbessalvatges.com\/es\/granollers\/ansiedad\/#breadcrumb","itemListElement":[{"@type":"ListItem","position":1,"name":"Home","item":"https:\/\/www.herbessalvatges.com\/es\/espacio-terapeutico-para-mejorar-tu-bienestar\/"},{"@type":"ListItem","position":2,"name":"Granollers","item":"https:\/\/www.herbessalvatges.com\/es\/granollers\/"},{"@type":"ListItem","position":3,"name":"Ansiedad"}]},{"@type":"WebSite","@id":"https:\/\/www.herbessalvatges.com\/es\/#website","url":"https:\/\/www.herbessalvatges.com\/es\/","name":"Salut Conscient","description":"Espai terap\u00e8utic per millorar el teu benestar amb Naturopatia, alimentaci\u00f3 conscient i suplementaci\u00f3 natural.","publisher":{"@id":"https:\/\/www.herbessalvatges.com\/es\/#organization"},"potentialAction":[{"@type":"SearchAction","target":{"@type":"EntryPoint","urlTemplate":"https:\/\/www.herbessalvatges.com\/es\/?s={search_term_string}"},"query-input":{"@type":"PropertyValueSpecification","valueRequired":true,"valueName":"search_term_string"}}],"inLanguage":"es"},{"@type":"Organization","@id":"https:\/\/www.herbessalvatges.com\/es\/#organization","name":"Salut Conscient","url":"https:\/\/www.herbessalvatges.com\/es\/","logo":{"@type":"ImageObject","inLanguage":"es","@id":"https:\/\/www.herbessalvatges.com\/es\/#\/schema\/logo\/image\/","url":"https:\/\/www.herbessalvatges.com\/wp-content\/uploads\/2022\/10\/logo-txell.png","contentUrl":"https:\/\/www.herbessalvatges.com\/wp-content\/uploads\/2022\/10\/logo-txell.png","width":866,"height":102,"caption":"Salut Conscient"},"image":{"@id":"https:\/\/www.herbessalvatges.com\/es\/#\/schema\/logo\/image\/"}}]}},"_links":{"self":[{"href":"https:\/\/www.herbessalvatges.com\/es\/wp-json\/wp\/v2\/pages\/3267","targetHints":{"allow":["GET"]}}],"collection":[{"href":"https:\/\/www.herbessalvatges.com\/es\/wp-json\/wp\/v2\/pages"}],"about":[{"href":"https:\/\/www.herbessalvatges.com\/es\/wp-json\/wp\/v2\/types\/page"}],"author":[{"embeddable":true,"href":"https:\/\/www.herbessalvatges.com\/es\/wp-json\/wp\/v2\/users\/1"}],"replies":[{"embeddable":true,"href":"https:\/\/www.herbessalvatges.com\/es\/wp-json\/wp\/v2\/comments?post=3267"}],"version-history":[{"count":1,"href":"https:\/\/www.herbessalvatges.com\/es\/wp-json\/wp\/v2\/pages\/3267\/revisions"}],"predecessor-version":[{"id":3268,"href":"https:\/\/www.herbessalvatges.com\/es\/wp-json\/wp\/v2\/pages\/3267\/revisions\/3268"}],"up":[{"embeddable":true,"href":"https:\/\/www.herbessalvatges.com\/es\/wp-json\/wp\/v2\/pages\/3037"}],"wp:attachment":[{"href":"https:\/\/www.herbessalvatges.com\/es\/wp-json\/wp\/v2\/media?parent=3267"}],"curies":[{"name":"wp","href":"https:\/\/api.w.org\/{rel}","templated":true}]}}