{"id":3271,"date":"2023-09-05T15:52:30","date_gmt":"2023-09-05T13:52:30","guid":{"rendered":"https:\/\/www.herbessalvatges.com\/granollers\/nutricionista\/"},"modified":"2024-10-02T15:49:45","modified_gmt":"2024-10-02T13:49:45","slug":"nutricionista","status":"publish","type":"page","link":"https:\/\/www.herbessalvatges.com\/es\/granollers\/nutricionista\/","title":{"rendered":"Nutricionista"},"content":{"rendered":"\t\t<div data-elementor-type=\"wp-page\" data-elementor-id=\"3271\" class=\"elementor elementor-3271 elementor-2630\">\n\t\t\t\t\t\t<section class=\"elementor-section elementor-top-section elementor-element elementor-element-e62390f elementor-section-boxed elementor-section-height-default elementor-section-height-default parallax_section_no qode_elementor_container_no\" data-id=\"e62390f\" data-element_type=\"section\">\n\t\t\t\t\t\t<div class=\"elementor-container elementor-column-gap-default\">\n\t\t\t\t\t<div class=\"elementor-column elementor-col-100 elementor-top-column elementor-element elementor-element-fa7fe10\" data-id=\"fa7fe10\" data-element_type=\"column\">\n\t\t\t<div class=\"elementor-widget-wrap elementor-element-populated\">\n\t\t\t\t\t\t<div class=\"elementor-element elementor-element-09158aa elementor-widget elementor-widget-heading\" data-id=\"09158aa\" data-element_type=\"widget\" data-widget_type=\"heading.default\">\n\t\t\t\t<div class=\"elementor-widget-container\">\n\t\t\t\t\t<h1 class=\"elementor-heading-title elementor-size-default\">Nutricionista en Granollers<\/h1>\t\t\t\t<\/div>\n\t\t\t\t<\/div>\n\t\t\t\t<div class=\"elementor-element elementor-element-a552a45 elementor-widget elementor-widget-text-editor\" data-id=\"a552a45\" data-element_type=\"widget\" data-widget_type=\"text-editor.default\">\n\t\t\t\t<div class=\"elementor-widget-container\">\n\t\t\t\t\t\t\t\t\t<p>Si lo que necesitas es una <strong>Nutricionista en Granollers<\/strong> te puedo ayudar. Una nutrici\u00f3n adequada es la puerta de entrada para recuperar nuestra salud y nuestro cuerpo. Te ofrecemos planes personalizados y adaptadosa tu realidad. Una nutricionista integrativa te aportar\u00e1 conocimiento y recursos para poder implementar m\u00e1s f\u00e1cilmente un canvio en tu alimentaci\u00f3n. Los alimentos que comemos no s\u00f3lo nos sirven para saciarnos sin\u00f3 que se transforman en vitaminas, minerales&#8230; en energia para nuestras c\u00e9lulas y en vida y salud para nosotras.   <\/p>\n<p>La inflamaci\u00f3n, determinados f\u00e1rmacos impiden que los alimentos que ingerimos es transformen en vitaminas, minerales o oligoelementos.<\/p>\n<p>A veces nuestro cansancio es debido a una falta de energ\u00eda producida por un d\u00e9ficit de nutrientes. Y tambi\u00e9n hemos de tener en cuenta las dificultades que comporta una inflamaci\u00f3n de bajo grado.<\/p>\n<p>La nutrici\u00f3n equilibrada y adecuada nos ayuda a equilibrar y mejorar nuestros peque\u00f1os malestares.<\/p>\n\t\t\t\t\t\t\t\t<\/div>\n\t\t\t\t<\/div>\n\t\t\t\t\t<\/div>\n\t\t<\/div>\n\t\t\t\t\t<\/div>\n\t\t<\/section>\n\t\t\t\t<section class=\"elementor-section elementor-top-section elementor-element elementor-element-f5325ec elementor-section-boxed elementor-section-height-default elementor-section-height-default parallax_section_no qode_elementor_container_no\" data-id=\"f5325ec\" data-element_type=\"section\">\n\t\t\t\t\t\t<div class=\"elementor-container elementor-column-gap-default\">\n\t\t\t\t\t<div class=\"elementor-column elementor-col-100 elementor-top-column elementor-element elementor-element-9e6772f\" data-id=\"9e6772f\" data-element_type=\"column\">\n\t\t\t<div class=\"elementor-widget-wrap elementor-element-populated\">\n\t\t\t\t\t\t<div class=\"elementor-element elementor-element-15e3ac5 elementor-widget elementor-widget-heading\" data-id=\"15e3ac5\" data-element_type=\"widget\" data-widget_type=\"heading.default\">\n\t\t\t\t<div class=\"elementor-widget-container\">\n\t\t\t\t\t<h2 class=\"elementor-heading-title elementor-size-default\">Nuestro servicio de nutrici\u00f3n en Granollers.<\/h2>\t\t\t\t<\/div>\n\t\t\t\t<\/div>\n\t\t\t\t<section class=\"elementor-section elementor-inner-section elementor-element elementor-element-4fd5598 elementor-section-content-middle elementor-section-boxed elementor-section-height-default elementor-section-height-default parallax_section_no qode_elementor_container_no\" data-id=\"4fd5598\" data-element_type=\"section\">\n\t\t\t\t\t\t<div class=\"elementor-container elementor-column-gap-default\">\n\t\t\t\t\t<div class=\"elementor-column elementor-col-50 elementor-inner-column elementor-element elementor-element-757a8d0\" data-id=\"757a8d0\" data-element_type=\"column\">\n\t\t\t<div class=\"elementor-widget-wrap elementor-element-populated\">\n\t\t\t\t\t\t<div class=\"elementor-element elementor-element-89b3509 elementor-widget elementor-widget-image\" data-id=\"89b3509\" data-element_type=\"widget\" data-widget_type=\"image.default\">\n\t\t\t\t<div class=\"elementor-widget-container\">\n\t\t\t\t\t\t\t\t\t\t\t\t\t\t\t<img fetchpriority=\"high\" decoding=\"async\" width=\"1024\" height=\"683\" src=\"https:\/\/www.herbessalvatges.com\/wp-content\/uploads\/2022\/10\/AM_5586-1-1-1024x683.jpg\" class=\"attachment-large size-large wp-image-1925\" alt=\"Men\u00fa Semanal\" srcset=\"https:\/\/www.herbessalvatges.com\/wp-content\/uploads\/2022\/10\/AM_5586-1-1-1024x683.jpg 1024w, https:\/\/www.herbessalvatges.com\/wp-content\/uploads\/2022\/10\/AM_5586-1-1-scaled-600x400.jpg 600w, https:\/\/www.herbessalvatges.com\/wp-content\/uploads\/2022\/10\/AM_5586-1-1-300x200.jpg 300w, https:\/\/www.herbessalvatges.com\/wp-content\/uploads\/2022\/10\/AM_5586-1-1-768x512.jpg 768w, https:\/\/www.herbessalvatges.com\/wp-content\/uploads\/2022\/10\/AM_5586-1-1-1536x1024.jpg 1536w, https:\/\/www.herbessalvatges.com\/wp-content\/uploads\/2022\/10\/AM_5586-1-1-2048x1365.jpg 2048w, https:\/\/www.herbessalvatges.com\/wp-content\/uploads\/2022\/10\/AM_5586-1-1-700x467.jpg 700w\" sizes=\"(max-width: 1024px) 100vw, 1024px\" \/>\t\t\t\t\t\t\t\t\t\t\t\t\t\t\t<\/div>\n\t\t\t\t<\/div>\n\t\t\t\t\t<\/div>\n\t\t<\/div>\n\t\t\t\t<div class=\"elementor-column elementor-col-50 elementor-inner-column elementor-element elementor-element-19ae9a9\" data-id=\"19ae9a9\" data-element_type=\"column\">\n\t\t\t<div class=\"elementor-widget-wrap elementor-element-populated\">\n\t\t\t\t\t\t<div class=\"elementor-element elementor-element-bef7822 elementor-widget elementor-widget-text-editor\" data-id=\"bef7822\" data-element_type=\"widget\" data-widget_type=\"text-editor.default\">\n\t\t\t\t<div class=\"elementor-widget-container\">\n\t\t\t\t\t\t\t\t\t<p>Ofrecemos un servicio de Nutrici\u00f3n en Granollers y en Mollet del Vall\u00e8s. Las dos ciudades del Vall\u00e9s Oriental tienen un centro de Salut Conscient. <\/p>\n<p>Ofrecemos visitas presenciales y on-line. Puedes venir a nuestros centros de Granollers y de Mollet del Vall\u00e9s. Ofrecemos visitas personalizadas, talleres en grupo y retos grupales.  <\/p>\n<p>Hay un plan nutricional para cada tapa de nuestra vida. Integra y actualiza tu dieta a tu momento vital!<\/p>\n\t\t\t\t\t\t\t\t<\/div>\n\t\t\t\t<\/div>\n\t\t\t\t\t<\/div>\n\t\t<\/div>\n\t\t\t\t\t<\/div>\n\t\t<\/section>\n\t\t\t\t\t<\/div>\n\t\t<\/div>\n\t\t\t\t\t<\/div>\n\t\t<\/section>\n\t\t\t\t<section class=\"elementor-section elementor-top-section elementor-element elementor-element-62c3bc7 elementor-section-boxed elementor-section-height-default elementor-section-height-default parallax_section_no qode_elementor_container_no\" data-id=\"62c3bc7\" data-element_type=\"section\" data-settings=\"{&quot;background_background&quot;:&quot;classic&quot;}\">\n\t\t\t\t\t\t<div class=\"elementor-container elementor-column-gap-default\">\n\t\t\t\t\t<div class=\"elementor-column elementor-col-100 elementor-top-column elementor-element elementor-element-1f08879\" data-id=\"1f08879\" data-element_type=\"column\">\n\t\t\t<div class=\"elementor-widget-wrap elementor-element-populated\">\n\t\t\t\t\t\t<div class=\"elementor-element elementor-element-45def47 elementor-widget elementor-widget-heading\" data-id=\"45def47\" data-element_type=\"widget\" data-widget_type=\"heading.default\">\n\t\t\t\t<div class=\"elementor-widget-container\">\n\t\t\t\t\t<h2 class=\"elementor-heading-title elementor-size-default\">Alimentaci\u00f3n consciente<\/h2>\t\t\t\t<\/div>\n\t\t\t\t<\/div>\n\t\t\t\t<div class=\"elementor-element elementor-element-fadadd4 elementor-widget elementor-widget-text-editor\" data-id=\"fadadd4\" data-element_type=\"widget\" data-widget_type=\"text-editor.default\">\n\t\t\t\t<div class=\"elementor-widget-container\">\n\t\t\t\t\t\t\t\t\t<p>El objetivo de la alimentaci\u00f3n consciente es transformar los alimentos que ingerimos en nutrientes, saciarnos y gozar.<\/p>\n<p>La vida moderna se caracteriza por la rapidez en que vivimos. Tambi\u00e9n comemos r\u00e1pidamente, consumimos comida r\u00e1pida e incluso que se cocina r\u00e1pidamente.<\/p>\n<p>Esta rapidez dificulta nuestra digesti\u00f3n. Nos inflamamos, tenemos hambre a todas horas, aumenta nuestra ansiedad o deseo de consumir productos poco saludables pero muy palatables. Y al final el cansancio se va apoderando m\u00e1s y m\u00e1s de nosotras. Y cuanto m\u00e1s cansadas&#8230;. m\u00e1s ansiedad&#8230;. y m\u00e1s productos insanos comemos. <\/p>\n<p>Cuando te visitas n nuestros centros se ofrecemos las herramientas de la Salut Conscient. Notar\u00e1s como se reducen tus niveles de ansiedad y que el deseo constante de comer dulces o cualquier otro producto disminuye.  <\/p>\n<p>\u00bfCu\u00e1ntas veces has comido de pie o mientras est\u00e1s trabajando? Si esta es tu experiencia seguro que sabr\u00e1s que cuando terminas ni te has enterado de haber comido. Normal! tu cerebro no se ha enterado.    <\/p>\n<p>Si quieres bajar de peso, si quieres reducir tu ansiedad y dejar de estar comiendo todo el d\u00eda. Te ayudo a conseguir tu objetivo comiendo conscintemente. <\/p>\n\t\t\t\t\t\t\t\t<\/div>\n\t\t\t\t<\/div>\n\t\t\t\t\t<\/div>\n\t\t<\/div>\n\t\t\t\t\t<\/div>\n\t\t<\/section>\n\t\t\t\t<section class=\"elementor-section elementor-top-section elementor-element elementor-element-f6519df elementor-section-boxed elementor-section-height-default elementor-section-height-default parallax_section_no qode_elementor_container_no\" data-id=\"f6519df\" data-element_type=\"section\" data-settings=\"{&quot;background_background&quot;:&quot;classic&quot;}\">\n\t\t\t\t\t\t<div class=\"elementor-container elementor-column-gap-default\">\n\t\t\t\t\t<div class=\"elementor-column elementor-col-100 elementor-top-column elementor-element elementor-element-4ac2bf0\" data-id=\"4ac2bf0\" data-element_type=\"column\">\n\t\t\t<div class=\"elementor-widget-wrap elementor-element-populated\">\n\t\t\t\t\t\t<div class=\"elementor-element elementor-element-d31b2b5 elementor-widget elementor-widget-heading\" data-id=\"d31b2b5\" data-element_type=\"widget\" data-widget_type=\"heading.default\">\n\t\t\t\t<div class=\"elementor-widget-container\">\n\t\t\t\t\t<h2 class=\"elementor-heading-title elementor-size-default\">Contacta con nuestras nutricionistas en Granollers y Mollet del Vall\u00e9s<\/h2>\t\t\t\t<\/div>\n\t\t\t\t<\/div>\n\t\t\t\t<div class=\"elementor-element elementor-element-a818312 elementor-widget elementor-widget-spacer\" data-id=\"a818312\" data-element_type=\"widget\" data-widget_type=\"spacer.default\">\n\t\t\t\t<div class=\"elementor-widget-container\">\n\t\t\t\t\t\t\t<div class=\"elementor-spacer\">\n\t\t\t<div class=\"elementor-spacer-inner\"><\/div>\n\t\t<\/div>\n\t\t\t\t\t\t<\/div>\n\t\t\t\t<\/div>\n\t\t\t\t<div class=\"elementor-element elementor-element-9f62df9 elementor-widget elementor-widget-text-editor\" data-id=\"9f62df9\" data-element_type=\"widget\" data-widget_type=\"text-editor.default\">\n\t\t\t\t<div class=\"elementor-widget-container\">\n\t\t\t\t\t\t\t\t\t<div class=\"elementor-element elementor-element-9f62df9 elementor-widget elementor-widget-text-editor\" data-id=\"9f62df9\" data-element_type=\"widget\" data-widget_type=\"text-editor.default\">\n<div class=\"elementor-widget-container\">\n<div class=\"elementor-element elementor-element-9f62df9 elementor-widget elementor-widget-text-editor\" data-id=\"9f62df9\" data-element_type=\"widget\" data-widget_type=\"text-editor.default\">\n<div class=\"elementor-widget-container\">\n<p><em><strong>Ven y descubre como te podemos ayudar a conseguir tu mejor versi\u00f3n!<\/strong><\/em><\/p>\n<\/div>\n<\/div>\n<\/div>\n<\/div>\n\t\t\t\t\t\t\t\t<\/div>\n\t\t\t\t<\/div>\n\t\t\t\t<div class=\"elementor-element elementor-element-7615ccb elementor-widget elementor-widget-text-editor\" data-id=\"7615ccb\" data-element_type=\"widget\" data-widget_type=\"text-editor.default\">\n\t\t\t\t<div class=\"elementor-widget-container\">\n\t\t\t\t\t\t\t\t\t<div class=\"elementor-element elementor-element-9f62df9 elementor-widget elementor-widget-text-editor\" data-id=\"9f62df9\" data-element_type=\"widget\" data-widget_type=\"text-editor.default\">\n<div class=\"elementor-widget-container\">\n<div class=\"elementor-element elementor-element-9f62df9 elementor-widget elementor-widget-text-editor\" data-id=\"9f62df9\" data-element_type=\"widget\" data-widget_type=\"text-editor.default\">\n<div class=\"elementor-widget-container\">\n<div class=\"elementor-element elementor-element-cbeb357 elementor-widget elementor-widget-text-editor\" data-id=\"cbeb357\" data-element_type=\"widget\" data-widget_type=\"text-editor.default\">\n<div class=\"elementor-widget-container\">\n<div class=\"elementor-element elementor-element-9f62df9 elementor-widget elementor-widget-text-editor\" data-id=\"9f62df9\" data-element_type=\"widget\" data-widget_type=\"text-editor.default\">\n<div class=\"elementor-widget-container\">\n<p>Mare de D\u00e9u de N\u00faria, 1, 08401 GRANOLLERS, Barcelona<\/p>\n<\/div>\n<\/div>\n<\/div>\n<\/div>\n<\/div>\n<\/div>\n<\/div>\n<\/div>\n\t\t\t\t\t\t\t\t<\/div>\n\t\t\t\t<\/div>\n\t\t\t\t<div class=\"elementor-element elementor-element-613555b elementor-widget elementor-widget-heading\" data-id=\"613555b\" data-element_type=\"widget\" data-widget_type=\"heading.default\">\n\t\t\t\t<div class=\"elementor-widget-container\">\n\t\t\t\t\t<h4 class=\"elementor-heading-title elementor-size-default\">652 347 338<\/h4>\t\t\t\t<\/div>\n\t\t\t\t<\/div>\n\t\t\t\t<div class=\"elementor-element elementor-element-e676451 elementor-widget elementor-widget-spacer\" data-id=\"e676451\" data-element_type=\"widget\" data-widget_type=\"spacer.default\">\n\t\t\t\t<div class=\"elementor-widget-container\">\n\t\t\t\t\t\t\t<div class=\"elementor-spacer\">\n\t\t\t<div class=\"elementor-spacer-inner\"><\/div>\n\t\t<\/div>\n\t\t\t\t\t\t<\/div>\n\t\t\t\t<\/div>\n\t\t\t\t<div class=\"elementor-element elementor-element-47f9242 elementor-widget__width-auto elementor-widget elementor-widget-bridge_button\" data-id=\"47f9242\" data-element_type=\"widget\" data-widget_type=\"bridge_button.default\">\n\t\t\t\t<div class=\"elementor-widget-container\">\n\t\t\t\t\t<a  itemprop=\"url\" href=\"https:\/\/www.herbessalvatges.com\/es\/contacto\" target=\"_self\"  class=\"qbutton  default\" style=\"\">Contactar<\/a>\t\t\t\t<\/div>\n\t\t\t\t<\/div>\n\t\t\t\t\t<\/div>\n\t\t<\/div>\n\t\t\t\t\t<\/div>\n\t\t<\/section>\n\t\t\t\t<section class=\"elementor-section elementor-top-section elementor-element elementor-element-c0f2ffd elementor-section-boxed elementor-section-height-default elementor-section-height-default parallax_section_no qode_elementor_container_no\" data-id=\"c0f2ffd\" data-element_type=\"section\">\n\t\t\t\t\t\t<div class=\"elementor-container elementor-column-gap-default\">\n\t\t\t\t\t<div class=\"elementor-column elementor-col-100 elementor-top-column elementor-element elementor-element-5c382d9\" data-id=\"5c382d9\" data-element_type=\"column\">\n\t\t\t<div class=\"elementor-widget-wrap elementor-element-populated\">\n\t\t\t\t\t\t<div class=\"elementor-element elementor-element-ddda6c8 elementor-widget elementor-widget-text-editor\" data-id=\"ddda6c8\" data-element_type=\"widget\" data-widget_type=\"text-editor.default\">\n\t\t\t\t<div class=\"elementor-widget-container\">\n\t\t\t\t\t\t\t\t\t<p>Servicio de nutricionista y dietista en Granollers y Mollet del Vall\u00e9s<\/p>\n\t\t\t\t\t\t\t\t<\/div>\n\t\t\t\t<\/div>\n\t\t\t\t\t<\/div>\n\t\t<\/div>\n\t\t\t\t\t<\/div>\n\t\t<\/section>\n\t\t\t\t<\/div>\n\t\t","protected":false},"excerpt":{"rendered":"<p>Nutricionista en Granollers Si lo que necesitas es una Nutricionista en Granollers te puedo ayudar. Una nutrici\u00f3n adequada es la puerta de entrada para recuperar&#8230;<\/p>\n","protected":false},"author":1,"featured_media":0,"parent":3037,"menu_order":0,"comment_status":"closed","ping_status":"closed","template":"","meta":{"_monsterinsights_skip_tracking":false,"_monsterinsights_sitenote_active":false,"_monsterinsights_sitenote_note":"","_monsterinsights_sitenote_category":0,"_joinchat":[],"footnotes":""},"class_list":["post-3271","page","type-page","status-publish","hentry"],"yoast_head":"<!-- This site is optimized with the Yoast SEO plugin v26.5 - https:\/\/yoast.com\/wordpress\/plugins\/seo\/ -->\n<title>Nutricionista - Herbes Salvatges<\/title>\n<meta name=\"robots\" content=\"index, follow, max-snippet:-1, max-image-preview:large, max-video-preview:-1\" \/>\n<link rel=\"canonical\" href=\"https:\/\/www.herbessalvatges.com\/es\/granollers\/nutricionista\/\" \/>\n<meta property=\"og:locale\" content=\"es_ES\" \/>\n<meta property=\"og:type\" content=\"article\" \/>\n<meta property=\"og:title\" content=\"Nutricionista - Herbes Salvatges\" \/>\n<meta property=\"og:description\" content=\"Nutricionista en Granollers Si lo que necesitas es una Nutricionista en Granollers te puedo ayudar. Una nutrici\u00f3n adequada es la puerta de entrada para recuperar...\" \/>\n<meta property=\"og:url\" content=\"https:\/\/www.herbessalvatges.com\/es\/granollers\/nutricionista\/\" \/>\n<meta property=\"og:site_name\" content=\"Herbes Salvatges\" \/>\n<meta property=\"article:modified_time\" content=\"2024-10-02T13:49:45+00:00\" \/>\n<meta property=\"og:image\" content=\"https:\/\/www.herbessalvatges.com\/wp-content\/uploads\/2022\/10\/AM_5586-1-1-1024x683.jpg\" \/>\n<meta name=\"twitter:card\" content=\"summary_large_image\" \/>\n<meta name=\"twitter:label1\" content=\"Tiempo de lectura\" \/>\n\t<meta name=\"twitter:data1\" content=\"2 minutos\" \/>\n<script type=\"application\/ld+json\" class=\"yoast-schema-graph\">{\"@context\":\"https:\/\/schema.org\",\"@graph\":[{\"@type\":\"WebPage\",\"@id\":\"https:\/\/www.herbessalvatges.com\/es\/granollers\/nutricionista\/\",\"url\":\"https:\/\/www.herbessalvatges.com\/es\/granollers\/nutricionista\/\",\"name\":\"Nutricionista - Herbes Salvatges\",\"isPartOf\":{\"@id\":\"https:\/\/www.herbessalvatges.com\/es\/#website\"},\"primaryImageOfPage\":{\"@id\":\"https:\/\/www.herbessalvatges.com\/es\/granollers\/nutricionista\/#primaryimage\"},\"image\":{\"@id\":\"https:\/\/www.herbessalvatges.com\/es\/granollers\/nutricionista\/#primaryimage\"},\"thumbnailUrl\":\"https:\/\/www.herbessalvatges.com\/wp-content\/uploads\/2022\/10\/AM_5586-1-1-1024x683.jpg\",\"datePublished\":\"2023-09-05T13:52:30+00:00\",\"dateModified\":\"2024-10-02T13:49:45+00:00\",\"breadcrumb\":{\"@id\":\"https:\/\/www.herbessalvatges.com\/es\/granollers\/nutricionista\/#breadcrumb\"},\"inLanguage\":\"es\",\"potentialAction\":[{\"@type\":\"ReadAction\",\"target\":[\"https:\/\/www.herbessalvatges.com\/es\/granollers\/nutricionista\/\"]}]},{\"@type\":\"ImageObject\",\"inLanguage\":\"es\",\"@id\":\"https:\/\/www.herbessalvatges.com\/es\/granollers\/nutricionista\/#primaryimage\",\"url\":\"https:\/\/www.herbessalvatges.com\/wp-content\/uploads\/2022\/10\/AM_5586-1-1-1024x683.jpg\",\"contentUrl\":\"https:\/\/www.herbessalvatges.com\/wp-content\/uploads\/2022\/10\/AM_5586-1-1-1024x683.jpg\"},{\"@type\":\"BreadcrumbList\",\"@id\":\"https:\/\/www.herbessalvatges.com\/es\/granollers\/nutricionista\/#breadcrumb\",\"itemListElement\":[{\"@type\":\"ListItem\",\"position\":1,\"name\":\"Home\",\"item\":\"https:\/\/www.herbessalvatges.com\/es\/espacio-terapeutico-para-mejorar-tu-bienestar\/\"},{\"@type\":\"ListItem\",\"position\":2,\"name\":\"Granollers\",\"item\":\"https:\/\/www.herbessalvatges.com\/es\/granollers\/\"},{\"@type\":\"ListItem\",\"position\":3,\"name\":\"Nutricionista\"}]},{\"@type\":\"WebSite\",\"@id\":\"https:\/\/www.herbessalvatges.com\/es\/#website\",\"url\":\"https:\/\/www.herbessalvatges.com\/es\/\",\"name\":\"Salut Conscient\",\"description\":\"Espai terap\u00e8utic per millorar el teu benestar amb Naturopatia, alimentaci\u00f3 conscient i suplementaci\u00f3 natural.\",\"publisher\":{\"@id\":\"https:\/\/www.herbessalvatges.com\/es\/#organization\"},\"potentialAction\":[{\"@type\":\"SearchAction\",\"target\":{\"@type\":\"EntryPoint\",\"urlTemplate\":\"https:\/\/www.herbessalvatges.com\/es\/?s={search_term_string}\"},\"query-input\":{\"@type\":\"PropertyValueSpecification\",\"valueRequired\":true,\"valueName\":\"search_term_string\"}}],\"inLanguage\":\"es\"},{\"@type\":\"Organization\",\"@id\":\"https:\/\/www.herbessalvatges.com\/es\/#organization\",\"name\":\"Salut Conscient\",\"url\":\"https:\/\/www.herbessalvatges.com\/es\/\",\"logo\":{\"@type\":\"ImageObject\",\"inLanguage\":\"es\",\"@id\":\"https:\/\/www.herbessalvatges.com\/es\/#\/schema\/logo\/image\/\",\"url\":\"https:\/\/www.herbessalvatges.com\/wp-content\/uploads\/2022\/10\/logo-txell.png\",\"contentUrl\":\"https:\/\/www.herbessalvatges.com\/wp-content\/uploads\/2022\/10\/logo-txell.png\",\"width\":866,\"height\":102,\"caption\":\"Salut Conscient\"},\"image\":{\"@id\":\"https:\/\/www.herbessalvatges.com\/es\/#\/schema\/logo\/image\/\"}}]}<\/script>\n<!-- \/ Yoast SEO plugin. -->","yoast_head_json":{"title":"Nutricionista - Herbes Salvatges","robots":{"index":"index","follow":"follow","max-snippet":"max-snippet:-1","max-image-preview":"max-image-preview:large","max-video-preview":"max-video-preview:-1"},"canonical":"https:\/\/www.herbessalvatges.com\/es\/granollers\/nutricionista\/","og_locale":"es_ES","og_type":"article","og_title":"Nutricionista - Herbes Salvatges","og_description":"Nutricionista en Granollers Si lo que necesitas es una Nutricionista en Granollers te puedo ayudar. Una nutrici\u00f3n adequada es la puerta de entrada para recuperar...","og_url":"https:\/\/www.herbessalvatges.com\/es\/granollers\/nutricionista\/","og_site_name":"Herbes Salvatges","article_modified_time":"2024-10-02T13:49:45+00:00","og_image":[{"url":"https:\/\/www.herbessalvatges.com\/wp-content\/uploads\/2022\/10\/AM_5586-1-1-1024x683.jpg","type":"","width":"","height":""}],"twitter_card":"summary_large_image","twitter_misc":{"Tiempo de lectura":"2 minutos"},"schema":{"@context":"https:\/\/schema.org","@graph":[{"@type":"WebPage","@id":"https:\/\/www.herbessalvatges.com\/es\/granollers\/nutricionista\/","url":"https:\/\/www.herbessalvatges.com\/es\/granollers\/nutricionista\/","name":"Nutricionista - Herbes Salvatges","isPartOf":{"@id":"https:\/\/www.herbessalvatges.com\/es\/#website"},"primaryImageOfPage":{"@id":"https:\/\/www.herbessalvatges.com\/es\/granollers\/nutricionista\/#primaryimage"},"image":{"@id":"https:\/\/www.herbessalvatges.com\/es\/granollers\/nutricionista\/#primaryimage"},"thumbnailUrl":"https:\/\/www.herbessalvatges.com\/wp-content\/uploads\/2022\/10\/AM_5586-1-1-1024x683.jpg","datePublished":"2023-09-05T13:52:30+00:00","dateModified":"2024-10-02T13:49:45+00:00","breadcrumb":{"@id":"https:\/\/www.herbessalvatges.com\/es\/granollers\/nutricionista\/#breadcrumb"},"inLanguage":"es","potentialAction":[{"@type":"ReadAction","target":["https:\/\/www.herbessalvatges.com\/es\/granollers\/nutricionista\/"]}]},{"@type":"ImageObject","inLanguage":"es","@id":"https:\/\/www.herbessalvatges.com\/es\/granollers\/nutricionista\/#primaryimage","url":"https:\/\/www.herbessalvatges.com\/wp-content\/uploads\/2022\/10\/AM_5586-1-1-1024x683.jpg","contentUrl":"https:\/\/www.herbessalvatges.com\/wp-content\/uploads\/2022\/10\/AM_5586-1-1-1024x683.jpg"},{"@type":"BreadcrumbList","@id":"https:\/\/www.herbessalvatges.com\/es\/granollers\/nutricionista\/#breadcrumb","itemListElement":[{"@type":"ListItem","position":1,"name":"Home","item":"https:\/\/www.herbessalvatges.com\/es\/espacio-terapeutico-para-mejorar-tu-bienestar\/"},{"@type":"ListItem","position":2,"name":"Granollers","item":"https:\/\/www.herbessalvatges.com\/es\/granollers\/"},{"@type":"ListItem","position":3,"name":"Nutricionista"}]},{"@type":"WebSite","@id":"https:\/\/www.herbessalvatges.com\/es\/#website","url":"https:\/\/www.herbessalvatges.com\/es\/","name":"Salut Conscient","description":"Espai terap\u00e8utic per millorar el teu benestar amb Naturopatia, alimentaci\u00f3 conscient i suplementaci\u00f3 natural.","publisher":{"@id":"https:\/\/www.herbessalvatges.com\/es\/#organization"},"potentialAction":[{"@type":"SearchAction","target":{"@type":"EntryPoint","urlTemplate":"https:\/\/www.herbessalvatges.com\/es\/?s={search_term_string}"},"query-input":{"@type":"PropertyValueSpecification","valueRequired":true,"valueName":"search_term_string"}}],"inLanguage":"es"},{"@type":"Organization","@id":"https:\/\/www.herbessalvatges.com\/es\/#organization","name":"Salut Conscient","url":"https:\/\/www.herbessalvatges.com\/es\/","logo":{"@type":"ImageObject","inLanguage":"es","@id":"https:\/\/www.herbessalvatges.com\/es\/#\/schema\/logo\/image\/","url":"https:\/\/www.herbessalvatges.com\/wp-content\/uploads\/2022\/10\/logo-txell.png","contentUrl":"https:\/\/www.herbessalvatges.com\/wp-content\/uploads\/2022\/10\/logo-txell.png","width":866,"height":102,"caption":"Salut Conscient"},"image":{"@id":"https:\/\/www.herbessalvatges.com\/es\/#\/schema\/logo\/image\/"}}]}},"_links":{"self":[{"href":"https:\/\/www.herbessalvatges.com\/es\/wp-json\/wp\/v2\/pages\/3271","targetHints":{"allow":["GET"]}}],"collection":[{"href":"https:\/\/www.herbessalvatges.com\/es\/wp-json\/wp\/v2\/pages"}],"about":[{"href":"https:\/\/www.herbessalvatges.com\/es\/wp-json\/wp\/v2\/types\/page"}],"author":[{"embeddable":true,"href":"https:\/\/www.herbessalvatges.com\/es\/wp-json\/wp\/v2\/users\/1"}],"replies":[{"embeddable":true,"href":"https:\/\/www.herbessalvatges.com\/es\/wp-json\/wp\/v2\/comments?post=3271"}],"version-history":[{"count":2,"href":"https:\/\/www.herbessalvatges.com\/es\/wp-json\/wp\/v2\/pages\/3271\/revisions"}],"predecessor-version":[{"id":3273,"href":"https:\/\/www.herbessalvatges.com\/es\/wp-json\/wp\/v2\/pages\/3271\/revisions\/3273"}],"up":[{"embeddable":true,"href":"https:\/\/www.herbessalvatges.com\/es\/wp-json\/wp\/v2\/pages\/3037"}],"wp:attachment":[{"href":"https:\/\/www.herbessalvatges.com\/es\/wp-json\/wp\/v2\/media?parent=3271"}],"curies":[{"name":"wp","href":"https:\/\/api.w.org\/{rel}","templated":true}]}}